{"id":9,"date":"2017-09-05T09:18:49","date_gmt":"2017-09-05T09:18:49","guid":{"rendered":"https:\/\/update.gan-bcn.com\/?page_id=9"},"modified":"2019-01-04T19:21:27","modified_gmt":"2019-01-04T18:21:27","slug":"sectores","status":"publish","type":"page","link":"https:\/\/update.gan-bcn.com\/es\/sectores\/","title":{"rendered":"Sectores"},"content":{"rendered":"<p>[vc_row][vc_column][vc_column_text]<\/p>\n<h2>En GAN Gastronom\u00eda + Nutrici\u00f3n nos especializamos en servicios gastron\u00f3micos y nutricionales.<\/h2>\n<h3>Nuestro objetivo es crear y divulgar contenidos a trav\u00e9s de programas formaci\u00f3n y contenidos a medida de nuestros clientes. Nuestro equipo multidisciplinar puede tambi\u00e9n brindar asesor\u00eda a los proyectos en \u00e1mbitos nutricionales y gastron\u00f3micos.<\/h3>\n<p>[\/vc_column_text][vc_empty_space height=&#8221;45px&#8221;][vc_row_inner][vc_column_inner width=&#8221;1\/2&#8243;]<div class=\"media rt-info-text  layout1\" style=\"\" data-color=\"#48D4C2\" data-hover=\"\">\n    <div class=\"pull-left rounded\" style=\"\">\n                    <img loading=\"lazy\" decoding=\"async\" width=\"90\" height=\"90\" src=\"https:\/\/update.gan-bcn.com\/wp-content\/uploads\/2017\/10\/iconFarma_big-150x150.png\" class=\"attachment-90x90 size-90x90\" alt=\"\" srcset=\"https:\/\/update.gan-bcn.com\/wp-content\/uploads\/2017\/10\/iconFarma_big-150x150.png 150w, https:\/\/update.gan-bcn.com\/wp-content\/uploads\/2017\/10\/iconFarma_big-180x180.png 180w, https:\/\/update.gan-bcn.com\/wp-content\/uploads\/2017\/10\/iconFarma_big.png 200w\" sizes=\"auto, (max-width: 90px) 100vw, 90px\" \/>            <\/div>\n    <div class=\"media-body\">\n        <h3 class=\"media-heading\" style=\"font-size: 25px;\">Farma<\/h3>\n        <div style=\"\">Uno de nuestros objetivos es maximizar el canal de comunicaci\u00f3n entre la empresa del sector farmac\u00e9utico con el profesional m\u00e9dico. Nuestros proyectos tienen en cuenta, en la mayor\u00eda de los casos, las pautas del equipo m\u00e9dico, circunstancias del paciente, facilidad en la preparaci\u00f3n, ingredientes asequibles y gusto familiar.<\/div>\n    <\/div>\n    <div class=\"clear\"><\/div>\n<\/div><div class=\"vc_custom_1505337041385\" style=\"text-align:left;\">\n\t<a class=\"rt-vc-button-1\" data-txtcolor=\"#020202\" data-bgcolor=\"#ffffff\" data-txthover=\"#000000\" data-bghover=\"#eceff6\" style=\"background-color: #ffffff;color: #020202;border: 2px solid #6e91c5;\" href=\"\/wordpress\/?page_id=321\">M\u00e1s info<\/a>\n<\/div>[vc_empty_space height=&#8221;45px&#8221;]<div class=\"media rt-info-text  layout1\" style=\"\" data-color=\"#48D4C2\" data-hover=\"\">\n    <div class=\"pull-left rounded\" style=\"\">\n                    <img loading=\"lazy\" decoding=\"async\" width=\"90\" height=\"90\" src=\"https:\/\/update.gan-bcn.com\/wp-content\/uploads\/2017\/09\/iconHoreca.png\" class=\"attachment-90x90 size-90x90\" alt=\"\" \/>            <\/div>\n    <div class=\"media-body\">\n        <h3 class=\"media-heading\" style=\"font-size: 25px;\">RSC<\/h3>\n        <div style=\"\">Concienciar y educar sobre la importancia de la alimentaci\u00f3n saludable se ha convertido en uno de los pilares b\u00e1sicos de las estrategias de RSC de muchas empresas.<\/div>\n    <\/div>\n    <div class=\"clear\"><\/div>\n<\/div><div class=\"vc_custom_1505336987134\" style=\"text-align:left;\">\n\t<a class=\"rt-vc-button-1\" data-txtcolor=\"#020202\" data-bgcolor=\"#ffffff\" data-txthover=\"#000000\" data-bghover=\"#eceff6\" style=\"background-color: #ffffff;color: #020202;border: 2px solid #6e91c5;\" href=\"\/wordpress\/?page_id=345\">M\u00e1s info<\/a>\n<\/div>[\/vc_column_inner][vc_column_inner width=&#8221;1\/2&#8243;]<div class=\"media rt-info-text  layout1\" style=\"\" data-color=\"#48D4C2\" data-hover=\"\">\n    <div class=\"pull-left rounded\" style=\"\">\n                    <img loading=\"lazy\" decoding=\"async\" width=\"90\" height=\"90\" src=\"https:\/\/update.gan-bcn.com\/wp-content\/uploads\/2017\/09\/iconAlimentacion.png\" class=\"attachment-90x90 size-90x90\" alt=\"\" \/>            <\/div>\n    <div class=\"media-body\">\n        <h3 class=\"media-heading\" style=\"font-size: 25px;\">Alimentaci\u00f3n<\/h3>\n        <div style=\"\">Nuestro compromiso es potenciar su producto para que sea el centro de atenci\u00f3n, nuestros contenidos y nuestra formaci\u00f3n est\u00e1n orientados a crear un mundo gastron\u00f3mico y nutricional alrededor de su producto. <\/div>\n    <\/div>\n    <div class=\"clear\"><\/div>\n<\/div><div class=\"vc_custom_1505337025711\" style=\"text-align:left;\">\n\t<a class=\"rt-vc-button-1\" data-txtcolor=\"#020202\" data-bgcolor=\"#ffffff\" data-txthover=\"#000000\" data-bghover=\"#eceff6\" style=\"background-color: #ffffff;color: #020202;border: 2px solid #6e91c5;\" href=\"\/wordpress\/?page_id=332\">M\u00e1s info<\/a>\n<\/div>[vc_empty_space height=&#8221;45px&#8221;]<div class=\"media rt-info-text  layout1\" style=\"\" data-color=\"#48D4C2\" data-hover=\"\">\n    <div class=\"pull-left rounded\" style=\"\">\n                    <img loading=\"lazy\" decoding=\"async\" width=\"90\" height=\"90\" src=\"https:\/\/update.gan-bcn.com\/wp-content\/uploads\/2017\/09\/iconRestauracion.png\" class=\"attachment-90x90 size-90x90\" alt=\"\" \/>            <\/div>\n    <div class=\"media-body\">\n        <h3 class=\"media-heading\" style=\"font-size: 25px;\">Restauraci\u00f3n colectiva<\/h3>\n        <div style=\"\">Desde GAN trabajamos para&nbsp;promover una Gastronom\u00eda Hospitalaria de calidad, con el objetivo de disminuir la prevalencia de desnutrici\u00f3n hospitalaria actual y mejorar la salud del paciente. Adaptarse a los gustos y situaciones particulares de cada paciente es una de las garant\u00edas de \u00e9xito.<br \/>\n<\/div>\n    <\/div>\n    <div class=\"clear\"><\/div>\n<\/div><div class=\"vc_custom_1505337010276\" style=\"text-align:left;\">\n\t<a class=\"rt-vc-button-1\" data-txtcolor=\"#020202\" data-bgcolor=\"#ffffff\" data-txthover=\"#000000\" data-bghover=\"#eceff6\" style=\"background-color: #ffffff;color: #020202;border: 2px solid #6e91c5;\" href=\"\/wordpress\/?page_id=338\">M\u00e1s info<\/a>\n<\/div>[\/vc_column_inner][\/vc_row_inner][\/vc_column][\/vc_row]<\/p>\n","protected":false},"excerpt":{"rendered":"<p>[vc_row][vc_column][vc_column_text] En GAN Gastronom\u00eda + Nutrici\u00f3n nos especializamos en servicios gastron\u00f3micos y nutricionales. Nuestro objetivo es crear y divulgar contenidos a trav\u00e9s de programas formaci\u00f3n y contenidos a medida de nuestros clientes. Nuestro equipo multidisciplinar puede tambi\u00e9n brindar asesor\u00eda a los proyectos en \u00e1mbitos nutricionales y gastron\u00f3micos. [\/vc_column_text][vc_empty_space height=&#8221;45px&#8221;][vc_row_inner][vc_column_inner width=&#8221;1\/2&#8243;][vc_empty_space height=&#8221;45px&#8221;][\/vc_column_inner][vc_column_inner width=&#8221;1\/2&#8243;][vc_empty_space height=&#8221;45px&#8221;][\/vc_column_inner][\/vc_row_inner][\/vc_column][\/vc_row]<\/p>\n","protected":false},"author":1,"featured_media":0,"parent":0,"menu_order":2,"comment_status":"closed","ping_status":"closed","template":"","meta":{"_monsterinsights_skip_tracking":false,"_monsterinsights_sitenote_active":false,"_monsterinsights_sitenote_note":"","_monsterinsights_sitenote_category":0,"footnotes":""},"class_list":["post-9","page","type-page","status-publish","hentry"],"_links":{"self":[{"href":"https:\/\/update.gan-bcn.com\/es\/wp-json\/wp\/v2\/pages\/9\/"}],"collection":[{"href":"https:\/\/update.gan-bcn.com\/es\/wp-json\/wp\/v2\/pages\/"}],"about":[{"href":"https:\/\/update.gan-bcn.com\/es\/wp-json\/wp\/v2\/types\/page\/"}],"author":[{"embeddable":true,"href":"https:\/\/update.gan-bcn.com\/es\/wp-json\/wp\/v2\/users\/1\/"}],"replies":[{"embeddable":true,"href":"https:\/\/update.gan-bcn.com\/es\/wp-json\/wp\/v2\/comments\/?post=9"}],"version-history":[{"count":9,"href":"https:\/\/update.gan-bcn.com\/es\/wp-json\/wp\/v2\/pages\/9\/revisions\/"}],"predecessor-version":[{"id":857,"href":"https:\/\/update.gan-bcn.com\/es\/wp-json\/wp\/v2\/pages\/9\/revisions\/857\/"}],"wp:attachment":[{"href":"https:\/\/update.gan-bcn.com\/es\/wp-json\/wp\/v2\/media\/?parent=9"}],"curies":[{"name":"wp","href":"https:\/\/api.w.org\/{rel}","templated":true}]}}