{"id":7,"date":"2017-09-05T09:18:27","date_gmt":"2017-09-05T09:18:27","guid":{"rendered":"https:\/\/update.gan-bcn.com\/?page_id=7"},"modified":"2018-06-06T20:29:35","modified_gmt":"2018-06-06T20:29:35","slug":"servicios","status":"publish","type":"page","link":"https:\/\/update.gan-bcn.com\/es\/servicios\/","title":{"rendered":"Servicios"},"content":{"rendered":"<p>[vc_row][vc_column][vc_column_text]<\/p>\n<h2>En GAN ofrecemos los servicios de Consultor\u00eda, Formaci\u00f3n y Creaci\u00f3n de Contenidos de manera concreta y particular para cada cliente.<\/h2>\n<p>[\/vc_column_text][vc_row_inner][vc_column_inner width=&#8221;1\/4&#8243;][vc_single_image image=&#8221;737&#8243; img_size=&#8221;full&#8221; onclick=&#8221;custom_link&#8221; img_link_target=&#8221;_blank&#8221; link=&#8221;https:\/\/youtu.be\/YgVbPySgUbw&#8221;][\/vc_column_inner][vc_column_inner width=&#8221;3\/4&#8243;][vc_column_text]<\/p>\n<h1><a href=\"https:\/\/youtu.be\/YgVbPySgUbw\" target=\"_blank\" rel=\"noopener\">GAN, \u00bfQui\u00e9nes somos y qu\u00e9 hacemos?<\/a><\/h1>\n<p>Somos una agencia especializada en contenidos nutricionales y gastron\u00f3micos. Nuestra misi\u00f3n es crear y divulgar contenidos gastron\u00f3micos, desde el rigor nutricional, para ayudar a las personas a alimentarse mejor y contribuir a crear una sociedad m\u00e1s sana y feliz.[\/vc_column_text][\/vc_column_inner][\/vc_row_inner][vc_empty_space height=&#8221;45px&#8221;][vc_row_inner][vc_column_inner width=&#8221;1\/4&#8243;][vc_single_image image=&#8221;661&#8243; img_size=&#8221;full&#8221;][\/vc_column_inner][vc_column_inner width=&#8221;1\/4&#8243;][vc_column_text css=&#8221;.vc_custom_1509039820368{margin-bottom: 10px !important;}&#8221;]<\/p>\n<h3 class=\"media-heading\">Contenidos<\/h3>\n<p>Creamos materiales espec\u00edficos a la medida de las necesidades de nuestros clientes, que tienen como objetivo promover una alimentaci\u00f3n sana.[\/vc_column_text]<div class=\"vc_custom_1504778715935\" style=\"text-align:left;\">\n\t<a class=\"rt-vc-button-1\" data-txtcolor=\"#020202\" data-bgcolor=\"#ffffff\" data-txthover=\"#000000\" data-bghover=\"#eceff6\" style=\"background-color: #ffffff;color: #020202;border: 2px solid #6e91c5;\" href=\"\/wordpress\/?page_id=143\">Saber m\u00e1s<\/a>\n<\/div>[\/vc_column_inner][vc_column_inner width=&#8221;1\/4&#8243;][vc_single_image image=&#8221;663&#8243; img_size=&#8221;full&#8221;][\/vc_column_inner][vc_column_inner width=&#8221;1\/4&#8243;][vc_column_text css=&#8221;.vc_custom_1509039833901{margin-bottom: 10px !important;}&#8221;]<\/p>\n<h3 class=\"media-heading\">Formaci\u00f3n<\/h3>\n<p>Dise\u00f1amos e impartimos cursos acreditados oficialmente, con el objetivo de ofrecer una formaci\u00f3n te\u00f3rico-pr\u00e1ctica actualizada y de calidad.[\/vc_column_text]<div class=\"vc_custom_1504778694146\" style=\"text-align:left;\">\n\t<a class=\"rt-vc-button-1\" data-txtcolor=\"#020202\" data-bgcolor=\"#ffffff\" data-txthover=\"#000000\" data-bghover=\"#eceff6\" style=\"background-color: #ffffff;color: #020202;border: 2px solid #6e91c5;\" href=\"\/wordpress\/?page_id=141\">Saber m\u00e1s<\/a>\n<\/div>[\/vc_column_inner][\/vc_row_inner][vc_empty_space][vc_row_inner][vc_column_inner width=&#8221;1\/4&#8243;][vc_single_image image=&#8221;666&#8243; img_size=&#8221;full&#8221;][\/vc_column_inner][vc_column_inner width=&#8221;1\/4&#8243;][vc_column_text css=&#8221;.vc_custom_1509039849872{margin-bottom: 10px !important;}&#8221;]<\/p>\n<h3 class=\"media-heading\">Comunicaci\u00f3n<\/h3>\n<p>Comunicamos tu producto a el profesional sanitario y a la poblaci\u00f3n\/consumidor\/paciente.[\/vc_column_text]<div class=\"vc_custom_1509039758171\" style=\"text-align:left;\">\n\t<a class=\"rt-vc-button-1\" data-txtcolor=\"#020202\" data-bgcolor=\"#ffffff\" data-txthover=\"#000000\" data-bghover=\"#eceff6\" style=\"background-color: #ffffff;color: #020202;border: 2px solid #6e91c5;\" href=\"\/servicios\/comunicacion\/\">Saber m\u00e1s<\/a>\n<\/div>[\/vc_column_inner][vc_column_inner width=&#8221;1\/4&#8243;][vc_single_image image=&#8221;667&#8243; img_size=&#8221;full&#8221;][\/vc_column_inner][vc_column_inner width=&#8221;1\/4&#8243;][vc_column_text css=&#8221;.vc_custom_1509039995648{margin-bottom: 10px !important;}&#8221;]<\/p>\n<h3 class=\"media-heading\">Consultor\u00eda<\/h3>\n<p>Consultor\u00eda especializada en gastronom\u00eda nutricional: diagn\u00f3stico, an\u00e1lisis y propuestas de mejora.[\/vc_column_text]<div class=\"vc_custom_1504778671992\" style=\"text-align:left;\">\n\t<a class=\"rt-vc-button-1\" data-txtcolor=\"#020202\" data-bgcolor=\"#ffffff\" data-txthover=\"#000000\" data-bghover=\"#eceff6\" style=\"background-color: #ffffff;color: #020202;border: 2px solid #6e91c5;\" href=\"\/wordpress\/?page_id=139\">Saber m\u00e1s<\/a>\n<\/div>[\/vc_column_inner][\/vc_row_inner][vc_empty_space][vc_row_inner][vc_column_inner width=&#8221;1\/4&#8243;][vc_single_image image=&#8221;665&#8243; img_size=&#8221;full&#8221;][\/vc_column_inner][vc_column_inner width=&#8221;1\/4&#8243;][vc_column_text css=&#8221;.vc_custom_1509040007732{margin-bottom: 10px !important;}&#8221;]<\/p>\n<h3 class=\"media-heading\">Espacio GAN<\/h3>\n<p>El <strong>espacio GAN<\/strong>\u00a0es una sala y un espacio adaptado para realizar ShowCooking.[\/vc_column_text]<div class=\"vc_custom_1505209157241\" style=\"text-align:left;\">\n\t<a class=\"rt-vc-button-1\" data-txtcolor=\"#020202\" data-bgcolor=\"#ffffff\" data-txthover=\"#000000\" data-bghover=\"#eceff6\" style=\"background-color: #ffffff;color: #020202;border: 2px solid #6e91c5;\" href=\"\/wordpress\/?page_id=272\">Saber m\u00e1s<\/a>\n<\/div>[\/vc_column_inner][vc_column_inner width=&#8221;1\/4&#8243;][\/vc_column_inner][vc_column_inner width=&#8221;1\/4&#8243;][\/vc_column_inner][\/vc_row_inner][\/vc_column][\/vc_row]<\/p>\n","protected":false},"excerpt":{"rendered":"<p>[vc_row][vc_column][vc_column_text] En GAN ofrecemos los servicios de Consultor\u00eda, Formaci\u00f3n y Creaci\u00f3n de Contenidos de manera concreta y particular para cada cliente. [\/vc_column_text][vc_row_inner][vc_column_inner width=&#8221;1\/4&#8243;][vc_single_image image=&#8221;737&#8243; img_size=&#8221;full&#8221; onclick=&#8221;custom_link&#8221; img_link_target=&#8221;_blank&#8221; link=&#8221;https:\/\/youtu.be\/YgVbPySgUbw&#8221;][\/vc_column_inner][vc_column_inner width=&#8221;3\/4&#8243;][vc_column_text] GAN, \u00bfQui\u00e9nes somos y qu\u00e9 hacemos? Somos una agencia especializada en contenidos nutricionales y gastron\u00f3micos. Nuestra misi\u00f3n es crear y divulgar contenidos gastron\u00f3micos, desde el rigor [&hellip;]<\/p>\n","protected":false},"author":1,"featured_media":0,"parent":0,"menu_order":1,"comment_status":"closed","ping_status":"closed","template":"","meta":{"_monsterinsights_skip_tracking":false,"_monsterinsights_sitenote_active":false,"_monsterinsights_sitenote_note":"","_monsterinsights_sitenote_category":0,"footnotes":""},"class_list":["post-7","page","type-page","status-publish","hentry"],"_links":{"self":[{"href":"https:\/\/update.gan-bcn.com\/es\/wp-json\/wp\/v2\/pages\/7\/"}],"collection":[{"href":"https:\/\/update.gan-bcn.com\/es\/wp-json\/wp\/v2\/pages\/"}],"about":[{"href":"https:\/\/update.gan-bcn.com\/es\/wp-json\/wp\/v2\/types\/page\/"}],"author":[{"embeddable":true,"href":"https:\/\/update.gan-bcn.com\/es\/wp-json\/wp\/v2\/users\/1\/"}],"replies":[{"embeddable":true,"href":"https:\/\/update.gan-bcn.com\/es\/wp-json\/wp\/v2\/comments\/?post=7"}],"version-history":[{"count":22,"href":"https:\/\/update.gan-bcn.com\/es\/wp-json\/wp\/v2\/pages\/7\/revisions\/"}],"predecessor-version":[{"id":742,"href":"https:\/\/update.gan-bcn.com\/es\/wp-json\/wp\/v2\/pages\/7\/revisions\/742\/"}],"wp:attachment":[{"href":"https:\/\/update.gan-bcn.com\/es\/wp-json\/wp\/v2\/media\/?parent=7"}],"curies":[{"name":"wp","href":"https:\/\/api.w.org\/{rel}","templated":true}]}}