{"id":5,"date":"2017-09-05T09:18:03","date_gmt":"2017-09-05T09:18:03","guid":{"rendered":"https:\/\/update.gan-bcn.com\/?page_id=5"},"modified":"2018-02-14T08:47:19","modified_gmt":"2018-02-14T08:47:19","slug":"empresa","status":"publish","type":"page","link":"https:\/\/update.gan-bcn.com\/es\/empresa\/","title":{"rendered":"Empresa"},"content":{"rendered":"<p>[vc_row][vc_column][vc_column_text]<\/p>\n<h2>Somos una agencia especializada en contenidos nutricionales y gastron\u00f3micos.<\/h2>\n<p><span style=\"font-size: 19px; color: #000000;\"> Nuestra misi\u00f3n es crear y divulgar contenidos gastron\u00f3micos, desde el rigor nutricional, para ayudar a las personas a alimentarse mejor y contribuir a crear una sociedad m\u00e1s sana y feliz.<\/span>[\/vc_column_text][vc_row_inner][vc_column_inner width=&#8221;1\/2&#8243;][vc_column_text]<strong>Nuestros valores son:<\/strong><\/p>\n<ul>\n<li>Rigor cient\u00edfico<\/li>\n<li>Experiencia, siendo un referente desde 1999<\/li>\n<li>Creatividad tanto en nuestra capacidad de innovaci\u00f3n como en el dise\u00f1o de nuestros materiales, webs, &#8230;<\/li>\n<li>Nos mantenemos en la vanguardia adaptando nuevas tecnolog\u00edas y adapt\u00e1ndonos a los constantes cambios<\/li>\n<li>Esp\u00edritu emprendedor: Gan lidera proyectos para contribuir a crear una sociedad m\u00e1s sana y feliz<\/li>\n<\/ul>\n<p>[\/vc_column_text][\/vc_column_inner][vc_column_inner width=&#8221;1\/2&#8243;][vc_single_image image=&#8221;261&#8243; img_size=&#8221;large&#8221;][\/vc_column_inner][\/vc_row_inner][vc_empty_space height=&#8221;45px&#8221;][\/vc_column][\/vc_row][vc_row][vc_column width=&#8221;1\/2&#8243;]<div class=\"media rt-info-text  layout1\" style=\"\" data-color=\"#48D4C2\" data-hover=\"\">\n    <div class=\"pull-left rounded\" style=\"\">\n                    <img loading=\"lazy\" decoding=\"async\" width=\"50\" height=\"50\" src=\"https:\/\/update.gan-bcn.com\/wp-content\/uploads\/2017\/10\/iconFarma.png\" class=\"attachment-50x50 size-50x50\" alt=\"\" \/>            <\/div>\n    <div class=\"media-body\">\n        <h3 class=\"media-heading\" style=\"\">Farma<\/h3>\n        <div style=\"\">Laboratorios y empresas del sector farmacol\u00f3gico que necesitan generar contenidos nutricionales.<br \/>\n<a class=\"link_interior\" href=\"https:\/\/update.gan-bcn.com\/sectores\/farma\/\">M\u00e1s info<\/a><\/div>\n    <\/div>\n    <div class=\"clear\"><\/div>\n<\/div><div class=\"media rt-info-text  layout1\" style=\"\" data-color=\"#48D4C2\" data-hover=\"\">\n    <div class=\"pull-left rounded\" style=\"\">\n                    <img loading=\"lazy\" decoding=\"async\" width=\"50\" height=\"50\" src=\"https:\/\/update.gan-bcn.com\/wp-content\/uploads\/2017\/09\/iconAlimentacion.png\" class=\"attachment-50x50 size-50x50\" alt=\"\" \/>            <\/div>\n    <div class=\"media-body\">\n        <h3 class=\"media-heading\" style=\"\">Alimentaci\u00f3n<\/h3>\n        <div style=\"\">Empresas de productos alimenticios y que desean crear un mundo sano alrededor del mismo.<br \/>\n<a class=\"link_interior\" href=\"https:\/\/update.gan-bcn.com\/sectores\/alimentacion\/\">M\u00e1s info<\/a><\/div>\n    <\/div>\n    <div class=\"clear\"><\/div>\n<\/div>[\/vc_column][vc_column width=&#8221;1\/2&#8243;]<div class=\"media rt-info-text  layout1\" style=\"\" data-color=\"#48D4C2\" data-hover=\"\">\n    <div class=\"pull-left rounded\" style=\"\">\n                    <img loading=\"lazy\" decoding=\"async\" width=\"50\" height=\"50\" src=\"https:\/\/update.gan-bcn.com\/wp-content\/uploads\/2017\/09\/iconRestauracion.png\" class=\"attachment-50x50 size-50x50\" alt=\"\" \/>            <\/div>\n    <div class=\"media-body\">\n        <h3 class=\"media-heading\" style=\"\">Restauraci\u00f3n Colectiva<\/h3>\n        <div style=\"\">Espacios donde se prepara y distribuye comida a hospitales, residencias geri\u00e1tricas, centros de d\u00eda, y empresas de catering, entre otros.<br \/>\n<a class=\"link_interior\" href=\"https:\/\/update.gan-bcn.com\/sectores\/restauracion-colectiva\/\">M\u00e1s info<\/a><\/div>\n    <\/div>\n    <div class=\"clear\"><\/div>\n<\/div><div class=\"media rt-info-text  layout1\" style=\"\" data-color=\"#48D4C2\" data-hover=\"\">\n    <div class=\"pull-left rounded\" style=\"\">\n                    <img loading=\"lazy\" decoding=\"async\" width=\"50\" height=\"50\" src=\"https:\/\/update.gan-bcn.com\/wp-content\/uploads\/2017\/09\/iconHoreca.png\" class=\"attachment-50x50 size-50x50\" alt=\"\" \/>            <\/div>\n    <div class=\"media-body\">\n        <h3 class=\"media-heading\" style=\"\">RSC<\/h3>\n        <div style=\"\">Concienciar y educar sobre la importancia de la alimentaci\u00f3n saludable: uno de los pilares b\u00e1sicos de las estrategias de RSC.<br \/>\n<a class=\"link_interior\" href=\"https:\/\/update.gan-bcn.com\/sectores\/rsc\/\">M\u00e1s info<\/a><\/div>\n    <\/div>\n    <div class=\"clear\"><\/div>\n<\/div>[\/vc_column][\/vc_row][vc_row][vc_column][vc_empty_space height=&#8221;65px&#8221;][\/vc_column][\/vc_row][vc_row][vc_column width=&#8221;1\/2&#8243;][vc_single_image image=&#8221;127&#8243; img_size=&#8221;full&#8221;][\/vc_column][vc_column width=&#8221;1\/2&#8243;][vc_column_text]<\/p>\n<h2 class=\"negreTitol\">Alianzas<\/h2>\n<p>Desde el principio hemos cre\u00eddo importante, mantener estrecha relaci\u00f3n con <strong>Universidades , Colegios profesionales, Sociedades cientificas y l\u00edderes de opini\u00f3n<\/strong>.[\/vc_column_text][\/vc_column][\/vc_row][vc_row][vc_column][vc_images_carousel images=&#8221;639,640,645,646,643,648,647,641,642,638,644,530&#8243; img_size=&#8221;full&#8221; onclick=&#8221;link_no&#8221; slides_per_view=&#8221;5&#8243; autoplay=&#8221;yes&#8221; hide_pagination_control=&#8221;yes&#8221; hide_prev_next_buttons=&#8221;yes&#8221; wrap=&#8221;yes&#8221;][vc_empty_space height=&#8221;65px&#8221;][vc_row_inner css=&#8221;.vc_custom_1508263255087{background-color: #f1f4f9 !important;}&#8221;][vc_column_inner width=&#8221;2\/3&#8243;][vc_column_text css=&#8221;.vc_custom_1508263681654{margin-right: 20px !important;margin-left: 20px !important;}&#8221;]<\/p>\n<h2>Entra a nuestra web para <strong>Profesionales Sanitarios<\/strong>.<\/h2>\n<h3>\u00a1\u00danete a los m\u00e1s 23.000 profesionales que siguen nuestros contenidos, eventos, proyectos\u2026!<\/h3>\n<p>[\/vc_column_text]<div class=\"vc_custom_1509039190345\" style=\"text-align:right;\">\n\t<a class=\"rt-vc-button-1\" data-txtcolor=\"#000000\" data-bgcolor=\"#eceff6\" data-txthover=\"#000000\" data-bghover=\"#ffffff\" style=\"background-color: #eceff6;color: #000000;border: 2px solid #6e91c5;\" href=\"http:\/\/ganprofesional.com\/\">Entra y ponte al d\u00eda<\/a>\n<\/div>[\/vc_column_inner][vc_column_inner width=&#8221;1\/3&#8243;][vc_single_image image=&#8221;669&#8243; img_size=&#8221;large&#8221; css=&#8221;.vc_custom_1509618009621{margin-top: 0px !important;margin-right: 20px !important;}&#8221;][\/vc_column_inner][\/vc_row_inner][vc_empty_space height=&#8221;65px&#8221;][\/vc_column][\/vc_row][vc_row][vc_column width=&#8221;1\/2&#8243;][vc_column_text]<\/p>\n<h2 class=\"negreTitol\">Equipo<\/h2>\n<p>GAN es un grupo internacional e interprofesional, formado por m\u00e9dicos, dietistas, cocineros, farmac\u00e9uticos, psic\u00f3logos, comunicadores, dise\u00f1adores e inform\u00e1ticos con el objetivo principal de asesorar a los profesionales de la salud y a la poblaci\u00f3n general en nutrici\u00f3n y gastronom\u00eda.<\/p>\n<p>GAN pone a disposici\u00f3n un grupo de nutricionistas distribuidos por toda Espa\u00f1a, contamos con nutricionistas en <strong>Barcelona, Madrid, Sevilla, Valencia, Bilbao, Vigo y M\u00e1laga<\/strong>.[\/vc_column_text][\/vc_column][vc_column width=&#8221;1\/2&#8243;][vc_single_image image=&#8221;136&#8243; img_size=&#8221;large&#8221;][\/vc_column][\/vc_row]<\/p>\n","protected":false},"excerpt":{"rendered":"<p>[vc_row][vc_column][vc_column_text] Somos una agencia especializada en contenidos nutricionales y gastron\u00f3micos. Nuestra misi\u00f3n es crear y divulgar contenidos gastron\u00f3micos, desde el rigor nutricional, para ayudar a las personas a alimentarse mejor y contribuir a crear una sociedad m\u00e1s sana y feliz.[\/vc_column_text][vc_row_inner][vc_column_inner width=&#8221;1\/2&#8243;][vc_column_text]Nuestros valores son: Rigor cient\u00edfico Experiencia, siendo un referente desde 1999 Creatividad tanto en nuestra [&hellip;]<\/p>\n","protected":false},"author":1,"featured_media":0,"parent":0,"menu_order":0,"comment_status":"closed","ping_status":"closed","template":"","meta":{"_monsterinsights_skip_tracking":false,"_monsterinsights_sitenote_active":false,"_monsterinsights_sitenote_note":"","_monsterinsights_sitenote_category":0,"footnotes":""},"class_list":["post-5","page","type-page","status-publish","hentry"],"_links":{"self":[{"href":"https:\/\/update.gan-bcn.com\/es\/wp-json\/wp\/v2\/pages\/5\/"}],"collection":[{"href":"https:\/\/update.gan-bcn.com\/es\/wp-json\/wp\/v2\/pages\/"}],"about":[{"href":"https:\/\/update.gan-bcn.com\/es\/wp-json\/wp\/v2\/types\/page\/"}],"author":[{"embeddable":true,"href":"https:\/\/update.gan-bcn.com\/es\/wp-json\/wp\/v2\/users\/1\/"}],"replies":[{"embeddable":true,"href":"https:\/\/update.gan-bcn.com\/es\/wp-json\/wp\/v2\/comments\/?post=5"}],"version-history":[{"count":56,"href":"https:\/\/update.gan-bcn.com\/es\/wp-json\/wp\/v2\/pages\/5\/revisions\/"}],"predecessor-version":[{"id":718,"href":"https:\/\/update.gan-bcn.com\/es\/wp-json\/wp\/v2\/pages\/5\/revisions\/718\/"}],"wp:attachment":[{"href":"https:\/\/update.gan-bcn.com\/es\/wp-json\/wp\/v2\/media\/?parent=5"}],"curies":[{"name":"wp","href":"https:\/\/api.w.org\/{rel}","templated":true}]}}