{"id":345,"date":"2017-09-12T23:25:12","date_gmt":"2017-09-12T23:25:12","guid":{"rendered":"https:\/\/update.gan-bcn.com\/?page_id=345"},"modified":"2017-11-02T13:46:07","modified_gmt":"2017-11-02T13:46:07","slug":"rsc","status":"publish","type":"page","link":"https:\/\/update.gan-bcn.com\/es\/sectores\/rsc\/","title":{"rendered":"RSC"},"content":{"rendered":"<p>[vc_row][vc_column][vc_empty_space][vc_row_inner][vc_column_inner width=&#8221;1\/4&#8243;][vc_single_image image=&#8221;346&#8243; img_size=&#8221;full&#8221; alignment=&#8221;center&#8221; css=&#8221;.vc_custom_1505257883866{margin-top: 0px !important;margin-right: 0px !important;margin-bottom: 0px !important;margin-left: 0px !important;}&#8221;][\/vc_column_inner][vc_column_inner width=&#8221;3\/4&#8243;][vc_column_text]<\/p>\n<h2>Concienciar y educar sobre la importancia de la alimentaci\u00f3n saludable se ha convertido en uno de los pilares b\u00e1sicos de las estrategias de RSC de muchas empresas.<\/h2>\n<p><span style=\"font-size: 19px; color: #000000;\">Promovemos la salud y la alimentaci\u00f3n como parte importante para el equilibrio de las personas.<\/span>[\/vc_column_text][\/vc_column_inner][\/vc_row_inner][vc_empty_space][vc_row_inner][vc_column_inner width=&#8221;1\/2&#8243;][vc_column_text]Los buenos h\u00e1bitos alimenticios influyen sobre la salud de los empleados y en consecuencia sobre la productividad de los mismos. Del mismo modo, en algunos sectores, el nivel de salud de los clientes puede influir en la duraci\u00f3n de la relaci\u00f3n comercial (Banca) o en los costes del propio modelo de negocio (Seguros)\u2026[\/vc_column_text][vc_column_text]<\/p>\n<h3>Servicios<\/h3>\n<p>Formaci\u00f3n, estrategias y contenidos para concienciar y educar sobre la importantcia de la alimentaci\u00f3n como uno de los pilares b\u00e1sicos de una sociedad saludable:<\/p>\n<ul>\n<li>Formaci\u00f3n a empleados sobre alimentaci\u00f3n y desarrollo de men\u00fas<\/li>\n<li>Creaci\u00f3n y difusi\u00f3n de contenidos enfocados a una mejor alimentaci\u00f3n de la sociedad.<\/li>\n<li>Comunicaci\u00f3n con l\u00edderes de opini\u00f3n y periodistas<\/li>\n<li>Coordinaci\u00f3n de proyectos con hospitales, universidades y administraci\u00f3n p\u00fablica<\/li>\n<\/ul>\n<p>[\/vc_column_text][vc_single_image image=&#8221;408&#8243; img_size=&#8221;large&#8221;][\/vc_column_inner][vc_column_inner width=&#8221;1\/2&#8243;][vc_single_image image=&#8221;693&#8243; img_size=&#8221;large&#8221;][vc_column_text]<\/p>\n<h3>Actividades<\/h3>\n<p>Algunas de las actividades que realizamos:<\/p>\n<ul>\n<li>Talleres experienciales de cocina te\u00f3rico-pr\u00e1cticos.<\/li>\n<li>Charlas*<\/li>\n<li>Actividades de trabajo en equipo. \u201cCocinamos Todos\u201d<\/li>\n<li>Microsite con los contenidos, juegos, material de consulta para uso corporativo.<\/li>\n<li>Concursos interactivos; una\u00a0<strong>metodolog\u00eda diferente<\/strong>\u00a0de aprendizaje realizando una actividad interactiva.<\/li>\n<\/ul>\n<p>*<em>GAN pone a disposici\u00f3n profesionales en 8 ciudades de Espa\u00f1a, lo que evita grandes desplazamientos y permite actividades simult\u00e1neas en diferentes lugares.<\/em>[\/vc_column_text][\/vc_column_inner][\/vc_row_inner][\/vc_column][\/vc_row]<\/p>\n","protected":false},"excerpt":{"rendered":"<p>[vc_row][vc_column][vc_empty_space][vc_row_inner][vc_column_inner width=&#8221;1\/4&#8243;][vc_single_image image=&#8221;346&#8243; img_size=&#8221;full&#8221; alignment=&#8221;center&#8221; css=&#8221;.vc_custom_1505257883866{margin-top: 0px !important;margin-right: 0px !important;margin-bottom: 0px !important;margin-left: 0px !important;}&#8221;][\/vc_column_inner][vc_column_inner width=&#8221;3\/4&#8243;][vc_column_text] Concienciar y educar sobre la importancia de la alimentaci\u00f3n saludable se ha convertido en uno de los pilares b\u00e1sicos de las estrategias de RSC de muchas empresas. Promovemos la salud y la alimentaci\u00f3n como parte importante para el equilibrio de [&hellip;]<\/p>\n","protected":false},"author":1,"featured_media":0,"parent":9,"menu_order":4,"comment_status":"closed","ping_status":"closed","template":"","meta":{"_monsterinsights_skip_tracking":false,"_monsterinsights_sitenote_active":false,"_monsterinsights_sitenote_note":"","_monsterinsights_sitenote_category":0,"footnotes":""},"class_list":["post-345","page","type-page","status-publish","hentry"],"_links":{"self":[{"href":"https:\/\/update.gan-bcn.com\/es\/wp-json\/wp\/v2\/pages\/345\/"}],"collection":[{"href":"https:\/\/update.gan-bcn.com\/es\/wp-json\/wp\/v2\/pages\/"}],"about":[{"href":"https:\/\/update.gan-bcn.com\/es\/wp-json\/wp\/v2\/types\/page\/"}],"author":[{"embeddable":true,"href":"https:\/\/update.gan-bcn.com\/es\/wp-json\/wp\/v2\/users\/1\/"}],"replies":[{"embeddable":true,"href":"https:\/\/update.gan-bcn.com\/es\/wp-json\/wp\/v2\/comments\/?post=345"}],"version-history":[{"count":6,"href":"https:\/\/update.gan-bcn.com\/es\/wp-json\/wp\/v2\/pages\/345\/revisions\/"}],"predecessor-version":[{"id":694,"href":"https:\/\/update.gan-bcn.com\/es\/wp-json\/wp\/v2\/pages\/345\/revisions\/694\/"}],"up":[{"embeddable":true,"href":"https:\/\/update.gan-bcn.com\/es\/wp-json\/wp\/v2\/pages\/9\/"}],"wp:attachment":[{"href":"https:\/\/update.gan-bcn.com\/es\/wp-json\/wp\/v2\/media\/?parent=345"}],"curies":[{"name":"wp","href":"https:\/\/api.w.org\/{rel}","templated":true}]}}