{"id":338,"date":"2017-09-12T23:06:36","date_gmt":"2017-09-12T23:06:36","guid":{"rendered":"https:\/\/update.gan-bcn.com\/?page_id=338"},"modified":"2017-11-02T13:48:54","modified_gmt":"2017-11-02T13:48:54","slug":"restauracion-colectiva","status":"publish","type":"page","link":"https:\/\/update.gan-bcn.com\/es\/sectores\/restauracion-colectiva\/","title":{"rendered":"Restauraci\u00f3n colectiva"},"content":{"rendered":"<p>[vc_row][vc_column][vc_empty_space][vc_row_inner][vc_column_inner width=&#8221;1\/4&#8243;][vc_single_image image=&#8221;339&#8243; img_size=&#8221;full&#8221; alignment=&#8221;center&#8221; css=&#8221;.vc_custom_1505257283056{margin-top: 0px !important;margin-right: 0px !important;margin-bottom: 0px !important;margin-left: 0px !important;}&#8221;][\/vc_column_inner][vc_column_inner width=&#8221;3\/4&#8243;][vc_column_text]<\/p>\n<h2>Promover una Gastronom\u00eda Hospitalaria de calidad, con el objetivo de disminuir la actual prevalencia de desnutrici\u00f3n hospitalaria y mejorar la salud del paciente.<\/h2>\n<p><span style=\"font-size: 19px; color: #000000;\">Ofrecemos contenidos, consultor\u00eda y formaci\u00f3n bonificable a trav\u00e9s de la fundaci\u00f3n tripartita al personal sanitario de residencias geri\u00e1tricas, centros de d\u00eda, hospitales y empresas de catering, entre otros.<\/span>[\/vc_column_text][\/vc_column_inner][\/vc_row_inner][vc_empty_space][\/vc_column][\/vc_row][vc_row][vc_column width=&#8221;1\/2&#8243;][vc_column_text]Ense\u00f1amos a mejorar la calidad de los men\u00fas, tanto desde del punto de vista nutricional, como gastron\u00f3mico teniendo en cuenta las patolog\u00edas de cada paciente.<\/p>\n<p>Ofrecemos consultor\u00eda para realizar mejoras en el servicio de cocina y restauraci\u00f3n sin que ello conlleve el uso de recursos extras. As\u00ed podr\u00e1 optimizar los que tiene actualmente para mejorar el servicio.<\/p>\n<p><strong>Todos nuestros cursos de formaci\u00f3n son<\/strong><b> bonificables por la Fundaci\u00f3n Tripartita.<\/b>[\/vc_column_text][vc_column_text]<\/p>\n<h3>Servicios<\/h3>\n<p>Algunos de los servicios que ofrecemos a este sector son:<\/p>\n<ul>\n<li>Talleres pr\u00e1cticos de cocina para el personal de restauraci\u00f3n.<\/li>\n<li>Creaci\u00f3n de recetas y men\u00fas seg\u00fan las patolog\u00edas o la edad:\n<ul>\n<li>Disfagia: Triturados y texturizados<\/li>\n<li>Diabetes<\/li>\n<li>Insuficiencia Renal<\/li>\n<li>Men\u00fas escolares<\/li>\n<li>&#8230;<\/li>\n<\/ul>\n<\/li>\n<li>Formaci\u00f3n a los auxiliares de cocina sobre c\u00f3mo mejorar la aceptaci\u00f3n de los platos, desde la cocina hasta el servicio.<\/li>\n<li>Formaci\u00f3n a los profesionales sanitarios en gastronom\u00eda nutricional, para mejorar la adhesi\u00f3n al tratamiento.<\/li>\n<li>Cursos sobre seguridad alimentaria APPCC. (An\u00e1lisis de peligro y control cr\u00edtico)<\/li>\n<li><strong>GesGAN\u00a0Recetas.<\/strong> Software espec\u00edfico que permite ordenar y clasificar sus recetas para realizar una valoraci\u00f3n nutricional r\u00e1pida de cada una de ellas.<\/li>\n<\/ul>\n<p>[\/vc_column_text][\/vc_column][vc_column width=&#8221;1\/2&#8243;][vc_single_image image=&#8221;691&#8243; img_size=&#8221;large&#8221;][vc_empty_space height=&#8221;45px&#8221;][vc_row_inner][vc_column_inner width=&#8221;1\/2&#8243;][vc_single_image image=&#8221;512&#8243; img_size=&#8221;full&#8221; alignment=&#8221;right&#8221; css=&#8221;.vc_custom_1508280181834{margin-top: 0px !important;margin-right: 0px !important;margin-left: 55px !important;}&#8221;][\/vc_column_inner][vc_column_inner width=&#8221;1\/2&#8243;][vc_column_text css=&#8221;.vc_custom_1508575584262{margin-left: 0px !important;padding-top: 10px !important;}&#8221;]<\/p>\n<div class=\"copyHome2\">\u00a1Ll\u00e1manos!<\/div>\n<p>Te ayudaremos a solucionar tus problemas diarios, incluso disminuyendo los gastos, mejorando la calidad y aceptaci\u00f3n de vuestros clientes.[\/vc_column_text][\/vc_column_inner][\/vc_row_inner][\/vc_column][\/vc_row][vc_row][vc_column][vc_empty_space height=&#8221;45px&#8221;]<div class=\"rt-owl-title-3 \">\n\t<div class=\"section-title\">\n\t\t<h2 class=\"owl-title\" style=\"color:#6e91c5;\">Si tienes productos para la restauraci\u00f3n colectiva, te ayudamos a posicionarlos en este mercado.<\/h2>\n\t\t<div class=\"owl-description\" style=\"color:#707070;\"><\/div>\n\t<\/div>\n<\/div>[vc_empty_space height=&#8221;65px&#8221;][\/vc_column][\/vc_row]<\/p>\n","protected":false},"excerpt":{"rendered":"<p>[vc_row][vc_column][vc_empty_space][vc_row_inner][vc_column_inner width=&#8221;1\/4&#8243;][vc_single_image image=&#8221;339&#8243; img_size=&#8221;full&#8221; alignment=&#8221;center&#8221; css=&#8221;.vc_custom_1505257283056{margin-top: 0px !important;margin-right: 0px !important;margin-bottom: 0px !important;margin-left: 0px !important;}&#8221;][\/vc_column_inner][vc_column_inner width=&#8221;3\/4&#8243;][vc_column_text] Promover una Gastronom\u00eda Hospitalaria de calidad, con el objetivo de disminuir la actual prevalencia de desnutrici\u00f3n hospitalaria y mejorar la salud del paciente. Ofrecemos contenidos, consultor\u00eda y formaci\u00f3n bonificable a trav\u00e9s de la fundaci\u00f3n tripartita al personal sanitario de residencias [&hellip;]<\/p>\n","protected":false},"author":1,"featured_media":0,"parent":9,"menu_order":3,"comment_status":"closed","ping_status":"closed","template":"","meta":{"_monsterinsights_skip_tracking":false,"_monsterinsights_sitenote_active":false,"_monsterinsights_sitenote_note":"","_monsterinsights_sitenote_category":0,"footnotes":""},"class_list":["post-338","page","type-page","status-publish","hentry"],"_links":{"self":[{"href":"https:\/\/update.gan-bcn.com\/es\/wp-json\/wp\/v2\/pages\/338\/"}],"collection":[{"href":"https:\/\/update.gan-bcn.com\/es\/wp-json\/wp\/v2\/pages\/"}],"about":[{"href":"https:\/\/update.gan-bcn.com\/es\/wp-json\/wp\/v2\/types\/page\/"}],"author":[{"embeddable":true,"href":"https:\/\/update.gan-bcn.com\/es\/wp-json\/wp\/v2\/users\/1\/"}],"replies":[{"embeddable":true,"href":"https:\/\/update.gan-bcn.com\/es\/wp-json\/wp\/v2\/comments\/?post=338"}],"version-history":[{"count":18,"href":"https:\/\/update.gan-bcn.com\/es\/wp-json\/wp\/v2\/pages\/338\/revisions\/"}],"predecessor-version":[{"id":692,"href":"https:\/\/update.gan-bcn.com\/es\/wp-json\/wp\/v2\/pages\/338\/revisions\/692\/"}],"up":[{"embeddable":true,"href":"https:\/\/update.gan-bcn.com\/es\/wp-json\/wp\/v2\/pages\/9\/"}],"wp:attachment":[{"href":"https:\/\/update.gan-bcn.com\/es\/wp-json\/wp\/v2\/media\/?parent=338"}],"curies":[{"name":"wp","href":"https:\/\/api.w.org\/{rel}","templated":true}]}}