{"id":332,"date":"2017-09-12T22:55:00","date_gmt":"2017-09-12T22:55:00","guid":{"rendered":"https:\/\/update.gan-bcn.com\/?page_id=332"},"modified":"2019-01-10T14:18:30","modified_gmt":"2019-01-10T13:18:30","slug":"alimentacion","status":"publish","type":"page","link":"https:\/\/update.gan-bcn.com\/es\/sectores\/alimentacion\/","title":{"rendered":"Alimentaci\u00f3n"},"content":{"rendered":"<p>[vc_row][vc_column][vc_empty_space][vc_row_inner][vc_column_inner width=&#8221;1\/4&#8243;][vc_single_image image=&#8221;333&#8243; img_size=&#8221;full&#8221; alignment=&#8221;center&#8221; css=&#8221;.vc_custom_1505256595232{margin-top: 0px !important;margin-right: 0px !important;margin-bottom: 0px !important;margin-left: 0px !important;}&#8221;][\/vc_column_inner][vc_column_inner width=&#8221;3\/4&#8243;][vc_column_text]<\/p>\n<h2>Nuestro compromiso es potenciar su producto para que sea el centro de atenci\u00f3n, nuestros contenidos y nuestra formaci\u00f3n est\u00e1n orientados a crear un mundo gastron\u00f3mico y nutricional alrededor de su marca.<\/h2>\n<p>Desde 1999 llevamos creando puentes entre las marcas y los consumidores o sus prescriptores.<br \/>\nCreamos un mundo alrededor de su producto, poniendo valor a las ventajas nutricionales del mismo y encontrando su espacio dentro de una dieta sana y balanceada.[\/vc_column_text][\/vc_column_inner][\/vc_row_inner][vc_empty_space][vc_row_inner][vc_column_inner width=&#8221;1\/2&#8243;][vc_column_text]Gracias a los muchos talleres presenciales y on-line que realizamos anualmente conocemos de primera mano , las necesidades y preferencias del consumidor, ayudando de esta manera a la marca a adaptarse a los constantes cambios<\/p>\n<h3>Servicios<\/h3>\n<p>Nuestros servicios est\u00e1n enfocados a sus consumidores, creamos y divulgamos el contenido por medio de:<\/p>\n<ul>\n<li>Talleres presenciales a consumidores para dar a conocer las caracter\u00edsticas del producto.<\/li>\n<li>Showcooking en centros de distribuci\u00f3n.<\/li>\n<li>Recetas, men\u00fas, tips y contenidos para los consumidores.<\/li>\n<li>Video-recetas<\/li>\n<li>Campa\u00f1as online (Ver: <a href=\"http:\/\/www.chefdelacocinasana.com\" target=\"_blank\" rel=\"noopener\">Chef de la cocina Sana<\/a>)\n<ul>\n<li>Webinars<\/li>\n<li>Campa\u00f1as en Redes Sociales<\/li>\n<\/ul>\n<\/li>\n<li><em>Home Economist<\/em>, estilismo de cocina y <em>atrezzo<\/em><\/li>\n<li>Fotograf\u00edas para packaging y de productos.<\/li>\n<\/ul>\n<p>[\/vc_column_text][\/vc_column_inner][vc_column_inner width=&#8221;1\/2&#8243;][vc_single_image image=&#8221;689&#8243; img_size=&#8221;large&#8221;][vc_empty_space height=&#8221;45px&#8221;][\/vc_column_inner][\/vc_row_inner][vc_column_text]<\/p>\n<h3>Empresas con las que colaboramos<\/h3>\n<p>[\/vc_column_text][vc_images_carousel images=&#8221;207,206,461,205,204,203,460,202,201,200,199,198,197,287,195,194,193&#8243; img_size=&#8221;full&#8221; onclick=&#8221;link_no&#8221; slides_per_view=&#8221;5&#8243; autoplay=&#8221;yes&#8221; hide_pagination_control=&#8221;yes&#8221; hide_prev_next_buttons=&#8221;yes&#8221; wrap=&#8221;yes&#8221;][vc_empty_space]<div class=\"rt-owl-title-3 \">\n\t<div class=\"section-title\">\n\t\t<h2 class=\"owl-title\" style=\"color:#6e91c5;\">\u00a1Contacta con nosotros si buscas ideas nuevas!<\/h2>\n\t\t<div class=\"owl-description\" style=\"color:#707070;\"><\/div>\n\t<\/div>\n<\/div>[vc_empty_space height=&#8221;65px&#8221;][\/vc_column][\/vc_row]<\/p>\n","protected":false},"excerpt":{"rendered":"<p>[vc_row][vc_column][vc_empty_space][vc_row_inner][vc_column_inner width=&#8221;1\/4&#8243;][vc_single_image image=&#8221;333&#8243; img_size=&#8221;full&#8221; alignment=&#8221;center&#8221; css=&#8221;.vc_custom_1505256595232{margin-top: 0px !important;margin-right: 0px !important;margin-bottom: 0px !important;margin-left: 0px !important;}&#8221;][\/vc_column_inner][vc_column_inner width=&#8221;3\/4&#8243;][vc_column_text] Nuestro compromiso es potenciar su producto para que sea el centro de atenci\u00f3n, nuestros contenidos y nuestra formaci\u00f3n est\u00e1n orientados a crear un mundo gastron\u00f3mico y nutricional alrededor de su marca. Desde 1999 llevamos creando puentes entre las marcas y [&hellip;]<\/p>\n","protected":false},"author":1,"featured_media":0,"parent":9,"menu_order":2,"comment_status":"closed","ping_status":"closed","template":"","meta":{"_monsterinsights_skip_tracking":false,"_monsterinsights_sitenote_active":false,"_monsterinsights_sitenote_note":"","_monsterinsights_sitenote_category":0,"footnotes":""},"class_list":["post-332","page","type-page","status-publish","hentry"],"_links":{"self":[{"href":"https:\/\/update.gan-bcn.com\/es\/wp-json\/wp\/v2\/pages\/332\/"}],"collection":[{"href":"https:\/\/update.gan-bcn.com\/es\/wp-json\/wp\/v2\/pages\/"}],"about":[{"href":"https:\/\/update.gan-bcn.com\/es\/wp-json\/wp\/v2\/types\/page\/"}],"author":[{"embeddable":true,"href":"https:\/\/update.gan-bcn.com\/es\/wp-json\/wp\/v2\/users\/1\/"}],"replies":[{"embeddable":true,"href":"https:\/\/update.gan-bcn.com\/es\/wp-json\/wp\/v2\/comments\/?post=332"}],"version-history":[{"count":11,"href":"https:\/\/update.gan-bcn.com\/es\/wp-json\/wp\/v2\/pages\/332\/revisions\/"}],"predecessor-version":[{"id":1079,"href":"https:\/\/update.gan-bcn.com\/es\/wp-json\/wp\/v2\/pages\/332\/revisions\/1079\/"}],"up":[{"embeddable":true,"href":"https:\/\/update.gan-bcn.com\/es\/wp-json\/wp\/v2\/pages\/9\/"}],"wp:attachment":[{"href":"https:\/\/update.gan-bcn.com\/es\/wp-json\/wp\/v2\/media\/?parent=332"}],"curies":[{"name":"wp","href":"https:\/\/api.w.org\/{rel}","templated":true}]}}