{"id":33,"date":"2017-09-05T09:34:09","date_gmt":"2017-09-05T09:34:09","guid":{"rendered":"https:\/\/update.gan-bcn.com\/?page_id=33"},"modified":"2022-05-20T11:40:00","modified_gmt":"2022-05-20T10:40:00","slug":"33-2","status":"publish","type":"page","link":"https:\/\/update.gan-bcn.com\/es\/","title":{"rendered":""},"content":{"rendered":"<p>[vc_row][vc_column][rev_slider_vc alias=&#8221;HomeGAN&#8221;][vc_column_text]<\/p>\n<h2>En GAN desde el 1999 somos pioneros en el terreno de la Gastronom\u00eda Nutricional, desarrollamos y divulgamos contenidos nutricionales a empresas de diversos sectores<\/h2>\n<p>[\/vc_column_text][vc_separator color=&#8221;custom&#8221; border_width=&#8221;3&#8243; accent_color=&#8221;#c5d3e8&#8243;][vc_empty_space height=&#8221;45px&#8221;][vc_row_inner][vc_column_inner width=&#8221;1\/2&#8243;]<div class=\"media rt-info-text  layout1\" style=\"\" data-color=\"#48D4C2\" data-hover=\"\">\n    <div class=\"pull-left rounded\" style=\"\">\n                    <img loading=\"lazy\" decoding=\"async\" width=\"90\" height=\"90\" src=\"https:\/\/update.gan-bcn.com\/wp-content\/uploads\/2017\/10\/iconFarma.png\" class=\"attachment-90x90 size-90x90\" alt=\"\" \/>            <\/div>\n    <div class=\"media-body\">\n        <h3 class=\"media-heading\" style=\"font-size: 25px;\">Farma<\/h3>\n        <div style=\"\">Uno de nuestros objetivos es maximizar el canal de comunicaci\u00f3n entre la empresa del sector farmac\u00e9utico con el profesional sanitario.<\/div>\n    <\/div>\n    <div class=\"clear\"><\/div>\n<\/div><div class=\"vc_custom_1505336859746\" style=\"text-align:left;\">\n\t<a class=\"rt-vc-button-1\" data-txtcolor=\"#020202\" data-bgcolor=\"#ffffff\" data-txthover=\"#000000\" data-bghover=\"#eceff6\" style=\"background-color: #ffffff;color: #020202;border: 2px solid #6e91c5;\" href=\"\/wordpress\/?page_id=321\">M\u00e1s info<\/a>\n<\/div>[vc_empty_space]<div class=\"media rt-info-text  layout1\" style=\"\" data-color=\"#48D4C2\" data-hover=\"\">\n    <div class=\"pull-left rounded\" style=\"\">\n                    <img loading=\"lazy\" decoding=\"async\" width=\"90\" height=\"90\" src=\"https:\/\/update.gan-bcn.com\/wp-content\/uploads\/2017\/09\/iconHoreca.png\" class=\"attachment-90x90 size-90x90\" alt=\"\" \/>            <\/div>\n    <div class=\"media-body\">\n        <h3 class=\"media-heading\" style=\"font-size: 25px;\">RSC<\/h3>\n        <div style=\"\">Concienciar y educar sobre la importancia de la alimentaci\u00f3n saludable se ha convertido en uno de los pilares b\u00e1sicos de las estrategias de RSC de muchas empresas.<\/div>\n    <\/div>\n    <div class=\"clear\"><\/div>\n<\/div><div class=\"vc_custom_1505336930432\" style=\"text-align:left;\">\n\t<a class=\"rt-vc-button-1\" data-txtcolor=\"#020202\" data-bgcolor=\"#ffffff\" data-txthover=\"#000000\" data-bghover=\"#eceff6\" style=\"background-color: #ffffff;color: #020202;border: 2px solid #6e91c5;\" href=\"\/wordpress\/?page_id=345\">M\u00e1s info<\/a>\n<\/div>[\/vc_column_inner][vc_column_inner width=&#8221;1\/2&#8243;]<div class=\"media rt-info-text  layout1\" style=\"\" data-color=\"#48D4C2\" data-hover=\"\">\n    <div class=\"pull-left rounded\" style=\"\">\n                    <img loading=\"lazy\" decoding=\"async\" width=\"90\" height=\"90\" src=\"https:\/\/update.gan-bcn.com\/wp-content\/uploads\/2017\/09\/iconAlimentacion.png\" class=\"attachment-90x90 size-90x90\" alt=\"\" \/>            <\/div>\n    <div class=\"media-body\">\n        <h3 class=\"media-heading\" style=\"font-size: 25px;\">Alimentaci\u00f3n<\/h3>\n        <div style=\"\">Nuestro compromiso es potenciar su producto para que sea el centro de atenci\u00f3n, nuestros contenidos y nuestra formaci\u00f3n est\u00e1n orientados a crear un mundo gastron\u00f3mico y nutricional alrededor de su producto. <\/div>\n    <\/div>\n    <div class=\"clear\"><\/div>\n<\/div><div class=\"vc_custom_1505336886361\" style=\"text-align:left;\">\n\t<a class=\"rt-vc-button-1\" data-txtcolor=\"#020202\" data-bgcolor=\"#ffffff\" data-txthover=\"#000000\" data-bghover=\"#eceff6\" style=\"background-color: #ffffff;color: #020202;border: 2px solid #6e91c5;\" href=\"\/wordpress\/?page_id=332\">M\u00e1s info<\/a>\n<\/div>[vc_empty_space]<div class=\"media rt-info-text  layout1\" style=\"\" data-color=\"#48D4C2\" data-hover=\"\">\n    <div class=\"pull-left rounded\" style=\"\">\n                    <img loading=\"lazy\" decoding=\"async\" width=\"90\" height=\"90\" src=\"https:\/\/update.gan-bcn.com\/wp-content\/uploads\/2017\/09\/iconRestauracion.png\" class=\"attachment-90x90 size-90x90\" alt=\"\" \/>            <\/div>\n    <div class=\"media-body\">\n        <h3 class=\"media-heading\" style=\"font-size: 25px;\">Restauraci\u00f3n colectiva<\/h3>\n        <div style=\"\">Desde GAN trabajamos para promover una Gastronom\u00eda Hospitalaria de calidad, con el objetivo de disminuir la prevalencia de desnutrici\u00f3n hospitalaria actual y mejorar la salud del paciente. <\/div>\n    <\/div>\n    <div class=\"clear\"><\/div>\n<\/div><div class=\"vc_custom_1505336900710\" style=\"text-align:left;\">\n\t<a class=\"rt-vc-button-1\" data-txtcolor=\"#020202\" data-bgcolor=\"#ffffff\" data-txthover=\"#000000\" data-bghover=\"#eceff6\" style=\"background-color: #ffffff;color: #020202;border: 2px solid #6e91c5;\" href=\"\/wordpress\/?page_id=338\">M\u00e1s info<\/a>\n<\/div>[\/vc_column_inner][\/vc_row_inner][vc_empty_space height=&#8221;40px&#8221;]<div class=\"rt-owl-title-3 \">\n\t<div class=\"section-title\">\n\t\t<h2 class=\"owl-title\" style=\"color:#6e91c5;\">Servicios<\/h2>\n\t\t<div class=\"owl-description\" style=\"color:#707070;\">En GAN ofrecemos los servicios de Consultor\u00eda, Formaci\u00f3n y Creaci\u00f3n de Contenidos de manera concreta y particular para cada cliente.<\/div>\n\t<\/div>\n<\/div>[vc_empty_space height=&#8221;45px&#8221;][vc_row_inner][vc_column_inner width=&#8221;1\/4&#8243;][vc_single_image image=&#8221;661&#8243; img_size=&#8221;full&#8221; css=&#8221;.vc_custom_1509617039200{margin-right: 0px !important;}&#8221;][\/vc_column_inner][vc_column_inner width=&#8221;1\/4&#8243;][vc_column_text css=&#8221;.vc_custom_1508694920098{margin-bottom: 10px !important;margin-left: 0px !important;}&#8221;]<\/p>\n<h3 class=\"media-heading\">Contenidos<\/h3>\n<p>Creamos materiales espec\u00edficos a la medida de las necesidades de nuestros clientes, que tienen como objetivo promover una alimentaci\u00f3n sana.[\/vc_column_text]<div class=\"vc_custom_1504778715935\" style=\"text-align:left;\">\n\t<a class=\"rt-vc-button-1\" data-txtcolor=\"#020202\" data-bgcolor=\"#ffffff\" data-txthover=\"#000000\" data-bghover=\"#eceff6\" style=\"background-color: #ffffff;color: #020202;border: 2px solid #6e91c5;\" href=\"\/wordpress\/?page_id=143\">Saber m\u00e1s<\/a>\n<\/div>[\/vc_column_inner][vc_column_inner width=&#8221;1\/4&#8243;][vc_single_image image=&#8221;663&#8243; img_size=&#8221;full&#8221; css=&#8221;.vc_custom_1509617163364{margin-right: 0px !important;}&#8221;][\/vc_column_inner][vc_column_inner width=&#8221;1\/4&#8243;][vc_column_text css=&#8221;.vc_custom_1508694248620{margin-bottom: 10px !important;}&#8221;]<\/p>\n<h3 class=\"media-heading\">Formaci\u00f3n<\/h3>\n<p>Dise\u00f1amos e impartimos cursos acreditados oficialmente, con el objetivo de ofrecer una formaci\u00f3n te\u00f3rico-pr\u00e1ctica actualizada y de calidad.[\/vc_column_text]<div class=\"vc_custom_1504778694146\" style=\"text-align:left;\">\n\t<a class=\"rt-vc-button-1\" data-txtcolor=\"#020202\" data-bgcolor=\"#ffffff\" data-txthover=\"#000000\" data-bghover=\"#eceff6\" style=\"background-color: #ffffff;color: #020202;border: 2px solid #6e91c5;\" href=\"\/wordpress\/?page_id=141\">Saber m\u00e1s<\/a>\n<\/div>[\/vc_column_inner][\/vc_row_inner][vc_empty_space height=&#8221;40px&#8221;][vc_row_inner][vc_column_inner width=&#8221;1\/4&#8243;][vc_single_image image=&#8221;666&#8243; img_size=&#8221;full&#8221;][\/vc_column_inner][vc_column_inner width=&#8221;1\/4&#8243;][vc_column_text css=&#8221;.vc_custom_1508694488171{margin-bottom: 10px !important;}&#8221;]<\/p>\n<h3 class=\"media-heading\">Comunicaci\u00f3n<\/h3>\n<p>Comunicamos tu producto a el profesional sanitario y a la poblaci\u00f3n\/consumidor\/paciente.[\/vc_column_text]<div class=\"vc_custom_1508694695089\" style=\"text-align:left;\">\n\t<a class=\"rt-vc-button-1\" data-txtcolor=\"#020202\" data-bgcolor=\"#ffffff\" data-txthover=\"#000000\" data-bghover=\"#eceff6\" style=\"background-color: #ffffff;color: #020202;border: 2px solid #6e91c5;\" href=\"\/wordpress\/?page_id=272\">Saber m\u00e1s<\/a>\n<\/div>[\/vc_column_inner][vc_column_inner width=&#8221;1\/4&#8243;][vc_single_image image=&#8221;667&#8243; img_size=&#8221;full&#8221;][\/vc_column_inner][vc_column_inner width=&#8221;1\/4&#8243;][vc_column_text css=&#8221;.vc_custom_1508694306562{margin-bottom: 10px !important;}&#8221;]<\/p>\n<h3 class=\"media-heading\">Consultor\u00eda<\/h3>\n<p>Consultor\u00eda especializada en gastronom\u00eda nutricional: diagn\u00f3stico, an\u00e1lisis y propuestas de mejora.[\/vc_column_text]<div class=\"vc_custom_1504778671992\" style=\"text-align:left;\">\n\t<a class=\"rt-vc-button-1\" data-txtcolor=\"#020202\" data-bgcolor=\"#ffffff\" data-txthover=\"#000000\" data-bghover=\"#eceff6\" style=\"background-color: #ffffff;color: #020202;border: 2px solid #6e91c5;\" href=\"\/wordpress\/?page_id=139\">Saber m\u00e1s<\/a>\n<\/div>[\/vc_column_inner][\/vc_row_inner][vc_empty_space height=&#8221;40px&#8221;][vc_row_inner][vc_column_inner width=&#8221;1\/4&#8243;][vc_single_image image=&#8221;665&#8243; img_size=&#8221;full&#8221;][\/vc_column_inner][vc_column_inner width=&#8221;1\/4&#8243;][vc_column_text css=&#8221;.vc_custom_1508694366501{margin-bottom: 10px !important;}&#8221;]<\/p>\n<h3 class=\"media-heading\">Espacio GAN<\/h3>\n<p>El espacio GAN son una sala y un espacio adaptado para realizar ShowCooking.[\/vc_column_text]<div class=\"vc_custom_1508762009781\" style=\"text-align:left;\">\n\t<a class=\"rt-vc-button-1\" data-txtcolor=\"#020202\" data-bgcolor=\"#ffffff\" data-txthover=\"#000000\" data-bghover=\"#eceff6\" style=\"background-color: #ffffff;color: #020202;border: 2px solid #6e91c5;\" href=\"\/wordpress\/?page_id=603\">Saber m\u00e1s<\/a>\n<\/div>[\/vc_column_inner][vc_column_inner width=&#8221;1\/4&#8243;][\/vc_column_inner][vc_column_inner width=&#8221;1\/4&#8243;][\/vc_column_inner][\/vc_row_inner][vc_empty_space height=&#8221;40px&#8221;][\/vc_column][\/vc_row][vc_row full_width=&#8221;stretch_row&#8221; css=&#8221;.vc_custom_1504693935611{background-color: #f1f4f9 !important;}&#8221;][vc_column][vc_row_inner][vc_column_inner width=&#8221;1\/2&#8243;][vc_column_text css=&#8221;.vc_custom_1508574963702{margin-top: 20px !important;padding-top: 30px !important;}&#8221;]<\/p>\n<h3 class=\"media-heading\" style=\"text-align: right; font-size: 45px; line-height: 55px;\">Profesionales sanitarios<\/h3>\n<p style=\"text-align: right; font-size: 20px; color: #000000; padding-top: 20px;\">\u00a1\u00danete a los m\u00e1s 23.000 profesionales que siguen nuestros contenidos, eventos, proyectos\u2026!<\/p>\n<p style=\"text-align: right;\">Para los profesionales sanitarios tenemos una secci\u00f3n dedicada a ellos, con todo tipo de informaci\u00f3 de utilidad:<br \/>\n<strong>noticias, recetas, cursos, webinars, &#8230;<\/strong><\/p>\n<p>[\/vc_column_text][vc_empty_space height=&#8221;10px&#8221;]<div class=\"vc_custom_1509039126984\" style=\"text-align:right;\">\n\t<a class=\"rt-vc-button-1\" data-txtcolor=\"#020202\" data-bgcolor=\"#eceff6\" data-txthover=\"#000000\" data-bghover=\"#ffffff\" style=\"background-color: #eceff6;color: #020202;border: 2px solid #6e91c5;\" href=\"http:\/\/ganprofesional.com\/\">Entra y ponte al d\u00eda<\/a>\n<\/div>[\/vc_column_inner][vc_column_inner width=&#8221;1\/2&#8243;][vc_single_image image=&#8221;669&#8243; img_size=&#8221;full&#8221;][\/vc_column_inner][\/vc_row_inner][\/vc_column][\/vc_row]<\/p>\n","protected":false},"excerpt":{"rendered":"<p>[vc_row][vc_column][rev_slider_vc alias=&#8221;HomeGAN&#8221;][vc_column_text] En GAN desde el 1999 somos pioneros en el terreno de la Gastronom\u00eda Nutricional, desarrollamos y divulgamos contenidos nutricionales a empresas de diversos sectores [\/vc_column_text][vc_separator color=&#8221;custom&#8221; border_width=&#8221;3&#8243; accent_color=&#8221;#c5d3e8&#8243;][vc_empty_space height=&#8221;45px&#8221;][vc_row_inner][vc_column_inner width=&#8221;1\/2&#8243;][vc_empty_space][\/vc_column_inner][vc_column_inner width=&#8221;1\/2&#8243;][vc_empty_space][\/vc_column_inner][\/vc_row_inner][vc_empty_space height=&#8221;40px&#8221;][vc_empty_space height=&#8221;45px&#8221;][vc_row_inner][vc_column_inner width=&#8221;1\/4&#8243;][vc_single_image image=&#8221;661&#8243; img_size=&#8221;full&#8221; css=&#8221;.vc_custom_1509617039200{margin-right: 0px !important;}&#8221;][\/vc_column_inner][vc_column_inner width=&#8221;1\/4&#8243;][vc_column_text css=&#8221;.vc_custom_1508694920098{margin-bottom: 10px !important;margin-left: 0px !important;}&#8221;] Contenidos Creamos materiales espec\u00edficos a la medida de [&hellip;]<\/p>\n","protected":false},"author":1,"featured_media":0,"parent":0,"menu_order":0,"comment_status":"closed","ping_status":"closed","template":"","meta":{"_monsterinsights_skip_tracking":false,"_monsterinsights_sitenote_active":false,"_monsterinsights_sitenote_note":"","_monsterinsights_sitenote_category":0,"footnotes":""},"class_list":["post-33","page","type-page","status-publish","hentry"],"_links":{"self":[{"href":"https:\/\/update.gan-bcn.com\/es\/wp-json\/wp\/v2\/pages\/33\/"}],"collection":[{"href":"https:\/\/update.gan-bcn.com\/es\/wp-json\/wp\/v2\/pages\/"}],"about":[{"href":"https:\/\/update.gan-bcn.com\/es\/wp-json\/wp\/v2\/types\/page\/"}],"author":[{"embeddable":true,"href":"https:\/\/update.gan-bcn.com\/es\/wp-json\/wp\/v2\/users\/1\/"}],"replies":[{"embeddable":true,"href":"https:\/\/update.gan-bcn.com\/es\/wp-json\/wp\/v2\/comments\/?post=33"}],"version-history":[{"count":103,"href":"https:\/\/update.gan-bcn.com\/es\/wp-json\/wp\/v2\/pages\/33\/revisions\/"}],"predecessor-version":[{"id":1306,"href":"https:\/\/update.gan-bcn.com\/es\/wp-json\/wp\/v2\/pages\/33\/revisions\/1306\/"}],"wp:attachment":[{"href":"https:\/\/update.gan-bcn.com\/es\/wp-json\/wp\/v2\/media\/?parent=33"}],"curies":[{"name":"wp","href":"https:\/\/api.w.org\/{rel}","templated":true}]}}