{"id":321,"date":"2017-09-12T22:18:31","date_gmt":"2017-09-12T22:18:31","guid":{"rendered":"https:\/\/update.gan-bcn.com\/?page_id=321"},"modified":"2020-03-26T16:12:53","modified_gmt":"2020-03-26T15:12:53","slug":"farma","status":"publish","type":"page","link":"https:\/\/update.gan-bcn.com\/es\/sectores\/farma\/","title":{"rendered":"Farma"},"content":{"rendered":"<p>[vc_row][vc_column][vc_empty_space][vc_row_inner][vc_column_inner width=&#8221;1\/4&#8243;][vc_single_image image=&#8221;482&#8243; img_size=&#8221;full&#8221; alignment=&#8221;center&#8221; css=&#8221;.vc_custom_1508237354948{margin-top: 0px !important;margin-right: 0px !important;margin-bottom: 0px !important;margin-left: 0px !important;}&#8221;][\/vc_column_inner][vc_column_inner width=&#8221;3\/4&#8243;][vc_column_text]<\/p>\n<h2>Llevamos desde 1999 trabajando con empresas l\u00edderes en la empresa farmac\u00e9utica tanto a nivel nacional como internacional.<\/h2>\n<p><span style=\"font-size: 19px; color: #000000;\">La fidelidad de nuestros clientes nos avalan como expertos en la comunicaci\u00f3n entre la empresa y el profesional sanitario y paciente.<\/span>[\/vc_column_text][\/vc_column_inner][\/vc_row_inner][vc_empty_space][vc_row_inner][vc_column_inner][vc_column_text]Desrrollamos estrategias para la adhesi\u00f3n al tratamiento nutricional.<br \/>\nCreamos contenidos nutricionales adaptados a tu f\u00e1rmaco, para conseguir una mayor efectividad de \u00e9ste y evitar interacciones nutriente-medicamento.[\/vc_column_text][vc_column_text]<\/p>\n<h3>Servicios<\/h3>\n<p>Estos son s\u00f3lo algunos de los ejemplos de lo que podemos realizas, cada estrategia es diferente y la realizamos de acuerdo a las necesidades y los objetivos:<\/p>\n<ul>\n<li>Ofrecemos formaci\u00f3n a las personas compatible con el horario laboral, en un tema de inter\u00e9s como es la nutrici\u00f3n y la gastronom\u00eda.<\/li>\n<li>Conferencias y charlas presenciales.<\/li>\n<li>Webinars y formaci\u00f3n online.<\/li>\n<li>Gesti\u00f3n de RRSS.<\/li>\n<\/ul>\n<p>[\/vc_column_text][\/vc_column_inner][\/vc_row_inner][vc_row_inner][vc_column_inner width=&#8221;1\/2&#8243;][vc_single_image image=&#8221;685&#8243; img_size=&#8221;large&#8221;][\/vc_column_inner][vc_column_inner width=&#8221;1\/2&#8243;][vc_video link=&#8221;https:\/\/www.youtube.com\/watch?v=VJ_6WdAhJ0U&#8221;][\/vc_column_inner][\/vc_row_inner][\/vc_column][\/vc_row][vc_row][vc_column][vc_row_inner css=&#8221;.vc_custom_1508275385671{background-color: #f1f4f9 !important;}&#8221;][vc_column_inner width=&#8221;1\/2&#8243;][vc_column_text css=&#8221;.vc_custom_1508446681139{margin-left: 20px !important;}&#8221;]<\/p>\n<h2>Entra a nuestra web para <strong>Profesionales Sanitarios<\/strong>.<\/h2>\n<p><span style=\"line-height: 14px;\">\u00a1\u00danete a los m\u00e1s 23.000 profesionales que siguen nuestros contenidos, eventos, proyectos\u2026!<\/span>[\/vc_column_text]<div class=\"vc_custom_1508275725139\" style=\"text-align:left;\">\n\t<a class=\"rt-vc-button-1\" data-txtcolor=\"#000000\" data-bgcolor=\"#eceff6\" data-txthover=\"#000000\" data-bghover=\"#ffffff\" style=\"background-color: #eceff6;color: #000000;border: 2px solid #6e91c5;\" href=\"https:\/\/update.gan-bcn.com\/profesionales-salud\/\">Entra y ponte al d\u00eda<\/a>\n<\/div>[\/vc_column_inner][vc_column_inner width=&#8221;1\/2&#8243;][vc_single_image image=&#8221;669&#8243; img_size=&#8221;medium&#8221; alignment=&#8221;center&#8221;][\/vc_column_inner][\/vc_row_inner][vc_empty_space height=&#8221;55px&#8221;][vc_images_carousel images=&#8221;230,229,470,228,227,463,471,226,464,225,466,465,467,224,223,222,469,221,220,219,218,468&#8243; img_size=&#8221;full&#8221; onclick=&#8221;link_no&#8221; slides_per_view=&#8221;6&#8243; autoplay=&#8221;yes&#8221; hide_pagination_control=&#8221;yes&#8221; hide_prev_next_buttons=&#8221;yes&#8221; wrap=&#8221;yes&#8221;][vc_empty_space height=&#8221;30px&#8221;][\/vc_column][\/vc_row][vc_row][vc_column]<div class=\"media rt-info-text  layout3\" style=\"\" data-color=\"#6e91c5\" data-hover=\"#6e91c5\">\n    <div class=\"pull-left rounded\" style=\"\">\n                    <i class=\"flaticon-sam-stick-man\" aria-hidden=\"true\" style=\"background-color: #6e91c5;\"><\/i>\n            <\/div>\n    <div class=\"media-body\">\n        <h3 class=\"media-heading\" style=\"font-size: 45px;\"><a href=\"\/wordpress\/?page_id=17\">Contacta con nosotros<\/a><\/h3>\n        <div style=\"\"><\/p>\n<h3><strong>\u00a1Nuestra experiencia en el sector nos hace aptos para darte ideas para tus proyectos!<br \/>\n<\/strong><\/h3>\n<p>Ll\u00e1manos al +<strong>34 932 015 211<\/strong> o si lo prefieres m\u00e1ndanos un e-mail a la siguiente direcci\u00f3n:<br \/>\n<a href=\"mailto:info2@gan-bcn.com\">info2@gan-bcn.com<\/a><\/p>\n<p><\/div>\n    <\/div>\n    <div class=\"clear\"><\/div>\n<\/div>[\/vc_column][\/vc_row][vc_row][vc_column][vc_column_text]<\/p>\n<p>[\/vc_column_text][\/vc_column][\/vc_row]<\/p>\n","protected":false},"excerpt":{"rendered":"<p>[vc_row][vc_column][vc_empty_space][vc_row_inner][vc_column_inner width=&#8221;1\/4&#8243;][vc_single_image image=&#8221;482&#8243; img_size=&#8221;full&#8221; alignment=&#8221;center&#8221; css=&#8221;.vc_custom_1508237354948{margin-top: 0px !important;margin-right: 0px !important;margin-bottom: 0px !important;margin-left: 0px !important;}&#8221;][\/vc_column_inner][vc_column_inner width=&#8221;3\/4&#8243;][vc_column_text] Llevamos desde 1999 trabajando con empresas l\u00edderes en la empresa farmac\u00e9utica tanto a nivel nacional como internacional. La fidelidad de nuestros clientes nos avalan como expertos en la comunicaci\u00f3n entre la empresa y el profesional sanitario y paciente.[\/vc_column_text][\/vc_column_inner][\/vc_row_inner][vc_empty_space][vc_row_inner][vc_column_inner][vc_column_text]Desrrollamos estrategias para [&hellip;]<\/p>\n","protected":false},"author":1,"featured_media":0,"parent":9,"menu_order":1,"comment_status":"closed","ping_status":"closed","template":"","meta":{"_monsterinsights_skip_tracking":false,"_monsterinsights_sitenote_active":false,"_monsterinsights_sitenote_note":"","_monsterinsights_sitenote_category":0,"footnotes":""},"class_list":["post-321","page","type-page","status-publish","hentry"],"_links":{"self":[{"href":"https:\/\/update.gan-bcn.com\/es\/wp-json\/wp\/v2\/pages\/321\/"}],"collection":[{"href":"https:\/\/update.gan-bcn.com\/es\/wp-json\/wp\/v2\/pages\/"}],"about":[{"href":"https:\/\/update.gan-bcn.com\/es\/wp-json\/wp\/v2\/types\/page\/"}],"author":[{"embeddable":true,"href":"https:\/\/update.gan-bcn.com\/es\/wp-json\/wp\/v2\/users\/1\/"}],"replies":[{"embeddable":true,"href":"https:\/\/update.gan-bcn.com\/es\/wp-json\/wp\/v2\/comments\/?post=321"}],"version-history":[{"count":42,"href":"https:\/\/update.gan-bcn.com\/es\/wp-json\/wp\/v2\/pages\/321\/revisions\/"}],"predecessor-version":[{"id":1179,"href":"https:\/\/update.gan-bcn.com\/es\/wp-json\/wp\/v2\/pages\/321\/revisions\/1179\/"}],"up":[{"embeddable":true,"href":"https:\/\/update.gan-bcn.com\/es\/wp-json\/wp\/v2\/pages\/9\/"}],"wp:attachment":[{"href":"https:\/\/update.gan-bcn.com\/es\/wp-json\/wp\/v2\/media\/?parent=321"}],"curies":[{"name":"wp","href":"https:\/\/api.w.org\/{rel}","templated":true}]}}