{"id":272,"date":"2017-09-12T09:37:23","date_gmt":"2017-09-12T09:37:23","guid":{"rendered":"https:\/\/update.gan-bcn.com\/?page_id=272"},"modified":"2020-03-26T17:41:55","modified_gmt":"2020-03-26T16:41:55","slug":"comunicacion","status":"publish","type":"page","link":"https:\/\/update.gan-bcn.com\/es\/servicios\/comunicacion\/","title":{"rendered":"Comunicaci\u00f3n"},"content":{"rendered":"<p>[vc_row][vc_column width=&#8221;1\/2&#8243;][vc_column_text]<\/p>\n<h2>Comunicamos tu producto a el profesional sanitario y a la poblaci\u00f3n \/ consumidor \/ paciente<\/h2>\n<p>Nuestra presencia en congresos, jornadas y cursos nos dan un estrecho contacto con lideres de opini\u00f3n de diversos sectores y especialidades.<\/p>\n<ul>\n<li>Dise\u00f1ando estrategias<\/li>\n<li>Creando webs y blogs<\/li>\n<li>Gesti\u00f3n de RRSS &#8211; Servicios de Social media:\n<ul>\n<li>Creaci\u00f3n de contenido, direcci\u00f3n art\u00edstica y estrategia de publicaci\u00f3n y generaci\u00f3n de engagement de la redes sociales<\/li>\n<li>Storytelling con la filosof\u00eda del producto y enfocado a la venta y la fidelizaci\u00f3n<\/li>\n<li>Dise\u00f1o gr\u00e1fico y fotograf\u00eda<\/li>\n<li>Social media management<\/li>\n<\/ul>\n<\/li>\n<li>Organizando actividades para jornadas con influencers, blogers, &#8230;<\/li>\n<\/ul>\n<h3>Cont\u00e1ctanos<\/h3>\n<p><a href=\"mailto:info2@gan-bcn.com\" target=\"_blank\" rel=\"noopener\">info2@gan-bcn.com<\/a>[\/vc_column_text][\/vc_column][vc_column width=&#8221;1\/2&#8243;][vc_single_image image=&#8221;570&#8243; img_size=&#8221;full&#8221; css=&#8221;.vc_custom_1585235899523{margin-top: 40px !important;}&#8221;][vc_custom_heading text=&#8221;Servicios de Social media&#8221; font_container=&#8221;tag:h3|text_align:center&#8221; use_theme_fonts=&#8221;yes&#8221;][vc_single_image image=&#8221;1186&#8243; img_size=&#8221;full&#8221;][\/vc_column][\/vc_row]<\/p>\n","protected":false},"excerpt":{"rendered":"<p>[vc_row][vc_column width=&#8221;1\/2&#8243;][vc_column_text] Comunicamos tu producto a el profesional sanitario y a la poblaci\u00f3n \/ consumidor \/ paciente Nuestra presencia en congresos, jornadas y cursos nos dan un estrecho contacto con lideres de opini\u00f3n de diversos sectores y especialidades. Dise\u00f1ando estrategias Creando webs y blogs Gesti\u00f3n de RRSS &#8211; Servicios de Social media: Creaci\u00f3n de contenido, [&hellip;]<\/p>\n","protected":false},"author":1,"featured_media":0,"parent":7,"menu_order":4,"comment_status":"closed","ping_status":"closed","template":"","meta":{"_monsterinsights_skip_tracking":false,"_monsterinsights_sitenote_active":false,"_monsterinsights_sitenote_note":"","_monsterinsights_sitenote_category":0,"footnotes":""},"class_list":["post-272","page","type-page","status-publish","hentry"],"_links":{"self":[{"href":"https:\/\/update.gan-bcn.com\/es\/wp-json\/wp\/v2\/pages\/272\/"}],"collection":[{"href":"https:\/\/update.gan-bcn.com\/es\/wp-json\/wp\/v2\/pages\/"}],"about":[{"href":"https:\/\/update.gan-bcn.com\/es\/wp-json\/wp\/v2\/types\/page\/"}],"author":[{"embeddable":true,"href":"https:\/\/update.gan-bcn.com\/es\/wp-json\/wp\/v2\/users\/1\/"}],"replies":[{"embeddable":true,"href":"https:\/\/update.gan-bcn.com\/es\/wp-json\/wp\/v2\/comments\/?post=272"}],"version-history":[{"count":20,"href":"https:\/\/update.gan-bcn.com\/es\/wp-json\/wp\/v2\/pages\/272\/revisions\/"}],"predecessor-version":[{"id":1190,"href":"https:\/\/update.gan-bcn.com\/es\/wp-json\/wp\/v2\/pages\/272\/revisions\/1190\/"}],"up":[{"embeddable":true,"href":"https:\/\/update.gan-bcn.com\/es\/wp-json\/wp\/v2\/pages\/7\/"}],"wp:attachment":[{"href":"https:\/\/update.gan-bcn.com\/es\/wp-json\/wp\/v2\/media\/?parent=272"}],"curies":[{"name":"wp","href":"https:\/\/api.w.org\/{rel}","templated":true}]}}