{"id":15,"date":"2017-09-05T09:19:57","date_gmt":"2017-09-05T09:19:57","guid":{"rendered":"https:\/\/update.gan-bcn.com\/?page_id=15"},"modified":"2022-03-07T12:23:50","modified_gmt":"2022-03-07T11:23:50","slug":"proyectos","status":"publish","type":"page","link":"https:\/\/update.gan-bcn.com\/es\/proyectos\/","title":{"rendered":"Proyectos"},"content":{"rendered":"<p>[vc_row][vc_column][vc_empty_space][vc_column_text]<\/p>\n<div>Como nuestra misi\u00f3n es ayudar a las personas a alimentarse mejor y contribuir a crear una sociedad m\u00e1 sana y feliz y uno de nuestros valores es ser emprendedor desde el principio, hemos ido desarrollando nuestros propios proyectos.<\/div>\n<p>[\/vc_column_text][\/vc_column][\/vc_row][vc_row][vc_column width=&#8221;1\/2&#8243;][vc_single_image image=&#8221;1298&#8243; img_size=&#8221;full&#8221; css=&#8221;.vc_custom_1646393465427{margin-top: 0px !important;margin-bottom: 20px !important;padding-top: 0px !important;padding-bottom: 0px !important;}&#8221;][vc_custom_heading text=&#8221;Creando sensaciones&#8221; font_container=&#8221;tag:h2|text_align:left|color:%235b7dba&#8221; use_theme_fonts=&#8221;yes&#8221; css=&#8221;.vc_custom_1646390073485{margin-top: 0px !important;margin-bottom: 20px !important;padding-top: 0px !important;padding-bottom: 0px !important;}&#8221; el_class=&#8221;negreta&#8221;][vc_column_text]<strong style=\"color: #5b7dba; font-size: 18px;\">Reto:<\/strong> Mostrar los productos de nuestros cliente<\/p>\n<p><strong style=\"color: #5b7dba; font-size: 18px;\">Medio:<\/strong> Videos y recetas que provoquen sensaciones en los consumidores<br \/>\n[\/vc_column_text][\/vc_column][vc_column width=&#8221;1\/2&#8243;][vc_video link=&#8221;https:\/\/www.youtube.com\/watch?v=kP6UGIBJpdQ&#8221; css=&#8221;.vc_custom_1646389994709{margin-bottom: 0px !important;padding-bottom: 0px !important;}&#8221;][vc_column_text css=&#8221;.vc_custom_1646389922815{padding-top: 7px !important;padding-bottom: 7px !important;background-color: #f4f5f8 !important;}&#8221;]<\/p>\n<p style=\"text-align: center; line-height: 15px; font-size: 13px;\">Descubre c\u00f3mo hacemos las sesiones de foto y v\u00eddeo<\/p>\n<p>[\/vc_column_text][\/vc_column][\/vc_row][vc_row][vc_column][vc_separator color=&#8221;custom&#8221; border_width=&#8221;2&#8243; accent_color=&#8221;#bfcbe5&#8243;][\/vc_column][\/vc_row][vc_row][vc_column width=&#8221;1\/3&#8243; css=&#8221;.vc_custom_1646389380671{margin-top: 0px !important;margin-bottom: 0px !important;padding-top: 0px !important;padding-bottom: 0px !important;}&#8221;][vc_single_image image=&#8221;1289&#8243; img_size=&#8221;full&#8221; css=&#8221;.vc_custom_1646392484334{margin-top: 0px !important;margin-bottom: 20px !important;padding-top: 0px !important;padding-bottom: 0px !important;}&#8221;][vc_column_text]<strong style=\"color: #5b7dba; font-size: 18px;\">Reto:<\/strong> Dar a conocer <strong>Nutrigen<sup>TM<\/sup><\/strong> a dietistas<\/p>\n<p><strong style=\"color: #5b7dba; font-size: 18px;\">Medio:<\/strong> Formaci\u00f3n y comunicaci\u00f3n, directa y visual que llega al target diana y convence<\/p>\n<p><strong style=\"color: #5b7dba; font-size: 18px;\">Promoci\u00f3n:<\/strong> Inbond marketing, a nuestros alumnos de <a href=\"http:\/\/www.ganprofesional.com\">GanProfesional<\/a>[\/vc_column_text][\/vc_column][vc_column width=&#8221;1\/3&#8243; css=&#8221;.vc_custom_1646389440430{margin-top: 0px !important;padding-top: 0px !important;}&#8221;][vc_video link=&#8221;https:\/\/youtu.be\/pYA3y-UIdrg&#8221; css=&#8221;.vc_custom_1646388793007{margin-bottom: 0px !important;padding-bottom: 0px !important;}&#8221;][vc_column_text css=&#8221;.vc_custom_1646389828870{padding-top: 7px !important;padding-bottom: 7px !important;background-color: #f4f5f8 !important;}&#8221;]<\/p>\n<p style=\"text-align: center; line-height: 15px; font-size: 13px;\">Stories <strong>Instagram<\/strong><\/p>\n<p>[\/vc_column_text][\/vc_column][vc_column width=&#8221;1\/3&#8243; css=&#8221;.vc_custom_1646389450554{margin-top: 0px !important;padding-top: 0px !important;}&#8221;][vc_row_inner][vc_column_inner width=&#8221;1\/2&#8243;][vc_single_image image=&#8221;1251&#8243; img_size=&#8221;full&#8221; css=&#8221;.vc_custom_1646389049903{margin-bottom: 0px !important;padding-bottom: 0px !important;}&#8221;][vc_column_text css=&#8221;.vc_custom_1646389837801{padding-top: 7px !important;padding-bottom: 7px !important;background-color: #f4f5f8 !important;}&#8221;]<\/p>\n<p style=\"text-align: center; line-height: 15px; font-size: 13px;\">Banner redes +<br \/>\ntarjet\u00f3n (pdf)<\/p>\n<p>[\/vc_column_text][\/vc_column_inner][vc_column_inner width=&#8221;1\/2&#8243;][vc_single_image image=&#8221;1262&#8243; img_size=&#8221;full&#8221; css=&#8221;.vc_custom_1646389055306{margin-bottom: 0px !important;padding-bottom: 0px !important;}&#8221;][vc_column_text css=&#8221;.vc_custom_1646389845142{padding-top: 7px !important;padding-bottom: 7px !important;background-color: #f4f5f8 !important;}&#8221;]<\/p>\n<p style=\"text-align: center; line-height: 15px; font-size: 13px;\">P\u00e1gina web<br \/>\n(info + registro)<\/p>\n<p>[\/vc_column_text][\/vc_column_inner][\/vc_row_inner][\/vc_column][\/vc_row][vc_row][vc_column][vc_separator color=&#8221;custom&#8221; border_width=&#8221;2&#8243; accent_color=&#8221;#bfcbe5&#8243;][\/vc_column][\/vc_row][vc_row][vc_column width=&#8221;1\/2&#8243;][vc_single_image image=&#8221;1291&#8243; img_size=&#8221;full&#8221; css=&#8221;.vc_custom_1646392662098{margin-top: 0px !important;margin-bottom: 20px !important;padding-top: 0px !important;padding-bottom: 0px !important;}&#8221;][vc_column_text]<strong style=\"color: #5b7dba; font-size: 18px;\">Reto:<\/strong> Dar a conocer <strong>Omron<\/strong> y sus productos al profesional sanitario<\/p>\n<p><strong style=\"color: #5b7dba; font-size: 18px;\">Medio:<\/strong> Formaci\u00f3n acreditada por CMFC impartida por l\u00edderes de opini\u00f3n[\/vc_column_text][\/vc_column][vc_column width=&#8221;1\/2&#8243;][vc_video link=&#8221;https:\/\/www.youtube.com\/watch?v=XEDvc_Dq6Is&amp;t=5s&#8221; css=&#8221;.vc_custom_1646390304530{margin-bottom: 0px !important;padding-bottom: 0px !important;}&#8221;][vc_column_text css=&#8221;.vc_custom_1646390891966{padding-top: 7px !important;padding-bottom: 7px !important;background-color: #f4f5f8 !important;}&#8221;]<\/p>\n<p style=\"text-align: center; line-height: 15px; font-size: 13px;\">Sesi\u00f3n de formaci\u00f3n Hipertensi\u00f3n Arterial<\/p>\n<p>[\/vc_column_text][\/vc_column][\/vc_row][vc_row][vc_column][vc_separator color=&#8221;custom&#8221; border_width=&#8221;2&#8243; accent_color=&#8221;#bfcbe5&#8243;][\/vc_column][\/vc_row][vc_row][vc_column width=&#8221;2\/6&#8243;][vc_single_image image=&#8221;1300&#8243; img_size=&#8221;full&#8221; css=&#8221;.vc_custom_1646393483393{margin-top: 0px !important;margin-bottom: 20px !important;padding-top: 0px !important;padding-bottom: 0px !important;}&#8221;][vc_custom_heading text=&#8221;Roche Diabetes Care&#8221; font_container=&#8221;tag:h2|text_align:left|color:%235b7dba&#8221; use_theme_fonts=&#8221;yes&#8221; css=&#8221;.vc_custom_1646392011525{margin-top: 0px !important;margin-bottom: 20px !important;padding-top: 0px !important;padding-bottom: 0px !important;}&#8221; el_class=&#8221;negreta&#8221;][vc_column_text]<strong style=\"color: #5b7dba; font-size: 18px;\">Reto:<\/strong> Ayudar a la persona diab\u00e9tica a <strong>Contar Hidratos de Carbono<\/strong><\/p>\n<p><strong style=\"color: #5b7dba; font-size: 18px;\">Medio:<\/strong> Creaci\u00f3n de una gu\u00eda visual tama\u00f1o bolso[\/vc_column_text][\/vc_column][vc_column width=&#8221;4\/6&#8243;][vc_single_image image=&#8221;1280&#8243; img_size=&#8221;full&#8221; css=&#8221;.vc_custom_1646392080403{margin-bottom: 0px !important;padding-bottom: 0px !important;}&#8221;][vc_column_text css=&#8221;.vc_custom_1646392117769{padding-top: 7px !important;padding-bottom: 7px !important;background-color: #f4f5f8 !important;}&#8221;]<\/p>\n<p style=\"text-align: center; line-height: 15px; font-size: 13px;\"><strong>Gu\u00eda pr\u00e1ctica<\/strong>: contar hidratos de carbono<\/p>\n<p>[\/vc_column_text][\/vc_column][\/vc_row][vc_row][vc_column][vc_separator color=&#8221;custom&#8221; border_width=&#8221;2&#8243; accent_color=&#8221;#bfcbe5&#8243;][\/vc_column][\/vc_row][vc_row css=&#8221;.vc_custom_1646393669345{padding-bottom: 25px !important;padding-left: 25px !important;background-color: #f1f4f9 !important;}&#8221;][vc_column width=&#8221;1\/2&#8243;][vc_column_text]<\/p>\n<h2>Gan &#8211; Profesionales sanitarios<\/h2>\n<p>Para los profesionales sanitarios tenemos una web dedicada a ellos, con todo tipo de informaci\u00f3 de utilidad:<br \/>\n<strong>noticias, recetas, cursos, webinars,<\/strong> \u2026[\/vc_column_text]<div class=\"\" style=\"text-align:left;\">\n\t<a class=\"rt-vc-button-1\" data-txtcolor=\"#000000\" data-bgcolor=\"#ffffff\" data-txthover=\"#000000\" data-bghover=\"#dce2f0\" style=\"background-color: #ffffff;color: #000000;border: 2px solid #6e91c5;\" href=\"http:\/\/ganprofesional.com\/\">Ir a la web Gan-Profesionales sanitarios<\/a>\n<\/div>[\/vc_column][vc_column width=&#8221;1\/2&#8243;][vc_single_image image=&#8221;669&#8243; img_size=&#8221;medium&#8221; alignment=&#8221;center&#8221;][\/vc_column][\/vc_row][vc_row][vc_column][vc_separator color=&#8221;custom&#8221; border_width=&#8221;2&#8243; accent_color=&#8221;#bfcbe5&#8243;][\/vc_column][\/vc_row][vc_row][vc_column width=&#8221;1\/2&#8243;][vc_column_text]<\/p>\n<h2>Espacio GAN<\/h2>\n<p>Sala y espacio adaptado para realizar <strong>ShowCooking<\/strong>.<br \/>\nPodemos realizar showcookings con tus productos , <strong>talleres y experiencias<\/strong> con tus clientes o equipo.<br \/>\nTenemos profesionales que te ayudaran a realizarlo.<\/p>\n<p>Ponte en <a href=\"\/wordpress\/?page_id=17\">contacto con nosotros<\/a> y te informaremos de todas las posibilidades adaptada a tus necesidades:<\/p>\n<ul style=\"font-size: 18px; line-height: 28px;\">\n<li><strong>Tel\u00e9fono:<\/strong> +34 934 143 555<\/li>\n<li><strong>Email:<\/strong> <a href=\"mailto:info2@gan-bcn.com\">info2@gan-bcn.com<\/a><\/li>\n<\/ul>\n<p>[\/vc_column_text][\/vc_column][vc_column width=&#8221;1\/2&#8243;][vc_images_carousel images=&#8221;550,551,552,553,573,574&#8243; img_size=&#8221;full&#8221; onclick=&#8221;link_no&#8221; autoplay=&#8221;yes&#8221; hide_pagination_control=&#8221;yes&#8221; hide_prev_next_buttons=&#8221;yes&#8221; wrap=&#8221;yes&#8221;][\/vc_column][\/vc_row][vc_row][vc_column][vc_separator color=&#8221;custom&#8221; border_width=&#8221;2&#8243; accent_color=&#8221;#bfcbe5&#8243;][\/vc_column][\/vc_row]<\/p>\n","protected":false},"excerpt":{"rendered":"<p>[vc_row][vc_column][vc_empty_space][vc_column_text] Como nuestra misi\u00f3n es ayudar a las personas a alimentarse mejor y contribuir a crear una sociedad m\u00e1 sana y feliz y uno de nuestros valores es ser emprendedor desde el principio, hemos ido desarrollando nuestros propios proyectos. [\/vc_column_text][\/vc_column][\/vc_row][vc_row][vc_column width=&#8221;1\/2&#8243;][vc_single_image image=&#8221;1298&#8243; img_size=&#8221;full&#8221; css=&#8221;.vc_custom_1646393465427{margin-top: 0px !important;margin-bottom: 20px !important;padding-top: 0px !important;padding-bottom: 0px !important;}&#8221;][vc_custom_heading text=&#8221;Creando sensaciones&#8221; font_container=&#8221;tag:h2|text_align:left|color:%235b7dba&#8221; [&hellip;]<\/p>\n","protected":false},"author":1,"featured_media":0,"parent":0,"menu_order":5,"comment_status":"closed","ping_status":"closed","template":"","meta":{"_monsterinsights_skip_tracking":false,"_monsterinsights_sitenote_active":false,"_monsterinsights_sitenote_note":"","_monsterinsights_sitenote_category":0,"footnotes":""},"class_list":["post-15","page","type-page","status-publish","hentry"],"_links":{"self":[{"href":"https:\/\/update.gan-bcn.com\/es\/wp-json\/wp\/v2\/pages\/15\/"}],"collection":[{"href":"https:\/\/update.gan-bcn.com\/es\/wp-json\/wp\/v2\/pages\/"}],"about":[{"href":"https:\/\/update.gan-bcn.com\/es\/wp-json\/wp\/v2\/types\/page\/"}],"author":[{"embeddable":true,"href":"https:\/\/update.gan-bcn.com\/es\/wp-json\/wp\/v2\/users\/1\/"}],"replies":[{"embeddable":true,"href":"https:\/\/update.gan-bcn.com\/es\/wp-json\/wp\/v2\/comments\/?post=15"}],"version-history":[{"count":53,"href":"https:\/\/update.gan-bcn.com\/es\/wp-json\/wp\/v2\/pages\/15\/revisions\/"}],"predecessor-version":[{"id":1305,"href":"https:\/\/update.gan-bcn.com\/es\/wp-json\/wp\/v2\/pages\/15\/revisions\/1305\/"}],"wp:attachment":[{"href":"https:\/\/update.gan-bcn.com\/es\/wp-json\/wp\/v2\/media\/?parent=15"}],"curies":[{"name":"wp","href":"https:\/\/api.w.org\/{rel}","templated":true}]}}