{"id":143,"date":"2017-09-07T09:49:04","date_gmt":"2017-09-07T09:49:04","guid":{"rendered":"https:\/\/update.gan-bcn.com\/?page_id=143"},"modified":"2017-11-02T10:43:55","modified_gmt":"2017-11-02T10:43:55","slug":"contenidos","status":"publish","type":"page","link":"https:\/\/update.gan-bcn.com\/es\/servicios\/contenidos\/","title":{"rendered":"Contenidos"},"content":{"rendered":"<p>[vc_row][vc_column][vc_row_inner][vc_column_inner width=&#8221;1\/2&#8243;][vc_column_text]<\/p>\n<h2>Creaci\u00f3n de materiales espec\u00edficos<\/h2>\n<p>En GAN creamos materiales espec\u00edficos a la medida de las necesidades de nuestros clientes, que tengan como objetivo educar en nutrici\u00f3n y gastronom\u00eda.<\/p>\n<p>Gu\u00edas, manuales, fichas, folletos, arrancables, etc. El formato de nuestros materiales es tan diverso como la tem\u00e1tica de los mismos. Algunos ejemplos son:<\/p>\n<ul>\n<li>Material para educadores de diabetes<\/li>\n<li>\u00bfQu\u00e9 puedo comer si tengo insuficiencia renal?<\/li>\n<li>Recetas para llevar al trabajo. Tupper saludables<\/li>\n<li>Cocina Cardio-saludable<\/li>\n<li>Cu\u00eddate comiendo sano<\/li>\n<li>Recetas y trucos de triturados y texturizados<\/li>\n<\/ul>\n<p>[\/vc_column_text][\/vc_column_inner][vc_column_inner width=&#8221;1\/2&#8243;][vc_single_image image=&#8221;679&#8243; img_size=&#8221;large&#8221;][\/vc_column_inner][\/vc_row_inner][vc_row_inner][vc_column_inner width=&#8221;1\/2&#8243;][vc_column_text]<\/p>\n<h2>Home Economist. Fotograf\u00eda de Alimentos.<\/h2>\n<p>En GAN ofrecemos adem\u00e1s otros servicios relacionados con la gastronom\u00eda y la nutrici\u00f3n como\u00a0<strong>fotograf\u00eda y estilismo de alimentos<\/strong>. Realizamos fotograf\u00edas para marcas, recetas, productos y packaging. Tenemos un grupo de cocineros, estilistas, fot\u00f3grafos y nutricionistas para ofrecerte lo que necesites.[\/vc_column_text][\/vc_column_inner][vc_column_inner width=&#8221;1\/2&#8243;][vc_single_image image=&#8221;680&#8243; img_size=&#8221;large&#8221;][\/vc_column_inner][\/vc_row_inner][\/vc_column][\/vc_row][vc_row][vc_column width=&#8221;1\/2&#8243;][vc_row_inner][vc_column_inner][vc_column_text]<\/p>\n<h2>Recetas y men\u00fas<\/h2>\n<p>En GAN trabajamos para mejorar los h\u00e1bitos alimentarios, as\u00ed como para ense\u00f1ar a gestionar una alimentaci\u00f3n saludable y\/o adaptada a diversas patolog\u00edas. Por ello, creamos recetas pr\u00e1cticas y sencillas para mantener un estilo de vida saludable, sin prescindir de los ingredientes m\u00e1s sabrosos.<br \/>\nNuestras recetas son el resultado de la uni\u00f3n de la salud, el sabor y la accesibilidad.<\/p>\n<p>Cada receta incluye fotograf\u00eda de presentaci\u00f3n, ingredientes, preparaci\u00f3n, valoraci\u00f3n nutricional y comentarios gastron\u00f3micos.<\/p>\n<p>Tambi\u00e9n creamos recetas, dietas y men\u00fas adaptados a determinadas patolog\u00edas con el objetivo de mejorar la calidad de vida de las personas que requieren una alimentaci\u00f3n espec\u00edfica.[\/vc_column_text][\/vc_column_inner][\/vc_row_inner][\/vc_column][vc_column width=&#8221;1\/2&#8243;][vc_single_image image=&#8221;681&#8243; img_size=&#8221;large&#8221;][\/vc_column][\/vc_row][vc_row][vc_column][vc_row_inner][vc_column_inner width=&#8221;1\/3&#8243;][vc_column_text]<\/p>\n<h2>Videorecetas y v\u00eddeoconsejos<\/h2>\n<p>Las video-recetas son videos explicativos en los que se ense\u00f1a, de forma f\u00e1cil y sencilla, a elaborar determinados platos, y por medio de los cuales se pretende concienciar sobre las consecuencias positivas de una alimentaci\u00f3n saludable.<\/p>\n<p>Los v\u00eddeo-consejos son peque\u00f1os audiovisuales que tratan temas de inter\u00e9s y actualidad, como h\u00e1bitos de vida saludable, alimentaci\u00f3n, deporte, nutrici\u00f3n, etc.[\/vc_column_text][\/vc_column_inner][vc_column_inner width=&#8221;1\/3&#8243;][vc_video link=&#8221;https:\/\/www.youtube.com\/watch?v=Kv9_JZAtMsM&#8221;][vc_column_text]Huevos pochee sobre fondo de verduras.[\/vc_column_text][\/vc_column_inner][vc_column_inner width=&#8221;1\/3&#8243;][vc_video link=&#8221;https:\/\/www.youtube.com\/watch?v=vvFoF0-Kaas&#8221;][vc_column_text]La importancia de la cena.[\/vc_column_text][\/vc_column_inner][\/vc_row_inner][vc_empty_space height=&#8221;35px&#8221;][vc_row_inner][vc_column_inner width=&#8221;1\/2&#8243;][vc_column_text]<\/p>\n<h2><strong>GesGAN Recetas<\/strong>: software para valoraci\u00f3n nutricional de recetas<\/h2>\n<p>GAN pone a su disposici\u00f3n una innovadora aplicaci\u00f3n inform\u00e1tica multifuncional para la gesti\u00f3n de recetas. <strong>GesGAN<\/strong> Recetas permite ordenar y clasificar sus recetas para realizar una valoraci\u00f3n nutricional r\u00e1pida de cada una de ellas.<br \/>\nDe esta manera podr\u00e1 tener al d\u00eda la valoraci\u00f3n nutricional de sus men\u00fas.<\/p>\n<p><strong>GesGAN <\/strong>ha sido desarrollado tras una larga experiencia en el campo de la nutrici\u00f3n, y por un inter\u00e9s puramente cient\u00edfico-sanitario, que ha dado como resultado una herramienta fiable que facilita el trabajo en este \u00e1mbito.[\/vc_column_text][\/vc_column_inner][vc_column_inner width=&#8221;1\/2&#8243;][vc_single_image image=&#8221;675&#8243; img_size=&#8221;full&#8221;][\/vc_column_inner][\/vc_row_inner][vc_empty_space height=&#8221;35px&#8221;][vc_column_text]<\/p>\n<h2>Art\u00edculos y publicaciones<\/h2>\n<p>Redacci\u00f3n de contenidos sobre salud, farmacolog\u00eda, gastronom\u00eda y nutrici\u00f3n para revistas especializadas, blogs, webs, etc.<\/p>\n<p>Los art\u00edculos son desarrollados por nuestros colaboradores que trabajan en diferentes \u00e1mbitos: m\u00e9dicos, nutricionistas, farmac\u00e9uticos, psic\u00f3logos, &#8230;.<\/p>\n<ul>\n<li>Interacci\u00f3n medicamento-alimento<\/li>\n<li>Psicolog\u00eda infantil<\/li>\n<li>\u201cMi hijo no me come. \u00bfQu\u00e9 debo hacer?\u201d<\/li>\n<li>Alimentaci\u00f3n. El \u00e1cido f\u00f3lico en el embarazo.<\/li>\n<\/ul>\n<p>[\/vc_column_text][\/vc_column][\/vc_row]<\/p>\n","protected":false},"excerpt":{"rendered":"<p>[vc_row][vc_column][vc_row_inner][vc_column_inner width=&#8221;1\/2&#8243;][vc_column_text] Creaci\u00f3n de materiales espec\u00edficos En GAN creamos materiales espec\u00edficos a la medida de las necesidades de nuestros clientes, que tengan como objetivo educar en nutrici\u00f3n y gastronom\u00eda. Gu\u00edas, manuales, fichas, folletos, arrancables, etc. El formato de nuestros materiales es tan diverso como la tem\u00e1tica de los mismos. Algunos ejemplos son: Material para educadores [&hellip;]<\/p>\n","protected":false},"author":1,"featured_media":0,"parent":7,"menu_order":3,"comment_status":"closed","ping_status":"closed","template":"","meta":{"_monsterinsights_skip_tracking":false,"_monsterinsights_sitenote_active":false,"_monsterinsights_sitenote_note":"","_monsterinsights_sitenote_category":0,"footnotes":""},"class_list":["post-143","page","type-page","status-publish","hentry"],"_links":{"self":[{"href":"https:\/\/update.gan-bcn.com\/es\/wp-json\/wp\/v2\/pages\/143\/"}],"collection":[{"href":"https:\/\/update.gan-bcn.com\/es\/wp-json\/wp\/v2\/pages\/"}],"about":[{"href":"https:\/\/update.gan-bcn.com\/es\/wp-json\/wp\/v2\/types\/page\/"}],"author":[{"embeddable":true,"href":"https:\/\/update.gan-bcn.com\/es\/wp-json\/wp\/v2\/users\/1\/"}],"replies":[{"embeddable":true,"href":"https:\/\/update.gan-bcn.com\/es\/wp-json\/wp\/v2\/comments\/?post=143"}],"version-history":[{"count":20,"href":"https:\/\/update.gan-bcn.com\/es\/wp-json\/wp\/v2\/pages\/143\/revisions\/"}],"predecessor-version":[{"id":682,"href":"https:\/\/update.gan-bcn.com\/es\/wp-json\/wp\/v2\/pages\/143\/revisions\/682\/"}],"up":[{"embeddable":true,"href":"https:\/\/update.gan-bcn.com\/es\/wp-json\/wp\/v2\/pages\/7\/"}],"wp:attachment":[{"href":"https:\/\/update.gan-bcn.com\/es\/wp-json\/wp\/v2\/media\/?parent=143"}],"curies":[{"name":"wp","href":"https:\/\/api.w.org\/{rel}","templated":true}]}}