{"id":141,"date":"2017-09-07T09:48:31","date_gmt":"2017-09-07T09:48:31","guid":{"rendered":"https:\/\/update.gan-bcn.com\/?page_id=141"},"modified":"2021-01-20T16:22:45","modified_gmt":"2021-01-20T15:22:45","slug":"formacion","status":"publish","type":"page","link":"https:\/\/update.gan-bcn.com\/es\/servicios\/formacion\/","title":{"rendered":"Formaci\u00f3n"},"content":{"rendered":"<p>[vc_row][vc_column][vc_column_text]<\/p>\n<h2>En GAN somos especialistas en formaci\u00f3n nutricional y gastron\u00f3mica para profesionales de la salud y poblaci\u00f3n en general.<\/h2>\n<p>[\/vc_column_text][vc_row_inner][vc_column_inner width=&#8221;1\/2&#8243;][vc_column_text]Dise\u00f1amos e impartimos cursos, con el objetivo de ofrecer una\u00a0<strong>formaci\u00f3n te\u00f3rico-pr\u00e1ctica actualizada y de calidad<\/strong>\u00a0sobre temas relacionados con la Salud, la Nutrici\u00f3n y la Gastronom\u00eda.<\/p>\n<p>Los cursos est\u00e1n disponibles en diferentes formatos y modalidades, tambi\u00e9n\u00a0<strong>pueden ser dise\u00f1ados \u00abad hoc\u00bb para empresas o instituciones<\/strong>, adapt\u00e1ndose a sus necesidades y requerimientos.<\/p>\n<p>Consulta el cat\u00e1logo de cursos para \u2018Profesionales sanitarios\u2019 y conoce cu\u00e1les de ellos est\u00e1n acreditados por la Comisi\u00f3n de Formaci\u00f3n Continuada del Sistema Nacional de Salud.<br \/>\n[\/vc_column_text][\/vc_column_inner][vc_column_inner width=&#8221;1\/2&#8243;][vc_single_image image=&#8221;683&#8243; img_size=&#8221;large&#8221;][\/vc_column_inner][\/vc_row_inner][vc_empty_space][vc_row_inner][vc_column_inner width=&#8221;1\/2&#8243;][vc_column_text]<\/p>\n<h2>Cursos on-line para el Profesional sanitario<\/h2>\n<p>Son cursos dirigidos a m\u00e9dicos, enfermeros, farmac\u00e9uticos y dietistas-nutricionistas. Estos cursos ofrecen una formaci\u00f3n actualizada y de inter\u00e9s para los alumnos, siendo un potente canal de comunicaci\u00f3n con los profesionales de la salud.<\/p>\n<p>Nuestros cursos siguen nuestra filosof\u00eda de entender la uni\u00f3n entra la nutrici\u00f3n y la gastronom\u00eda por eso podr\u00e1 encontrar adicionalmente \u201c<strong>Materiales de consulta<\/strong>\u201d. Este material est\u00e1 pensado para que el profesional sanitario pueda entregarlo a sus pacientes. Contiene trucos, fotos y explicaciones sencillas sobre gastronom\u00eda nutricional adaptada a cada patolog\u00eda.[\/vc_column_text][\/vc_column_inner][vc_column_inner width=&#8221;1\/2&#8243;][vc_single_image image=&#8221;1216&#8243; img_size=&#8221;full&#8221;][\/vc_column_inner][\/vc_row_inner][vc_empty_space][vc_row_inner][vc_column_inner width=&#8221;1\/2&#8243;][vc_column_text]<\/p>\n<h2>Cursos, jornadas y talleres presenciales<\/h2>\n<p>Nuestros cursos presenciales siguen una metodolog\u00eda muy did\u00e1ctica y se estructuran en dos partes: una conferencia te\u00f3rica seguida por un taller pr\u00e1ctico.<\/p>\n<p>Dise\u00f1amos e impartimos talleres, a la medida de cada necesidad, sobre alimentaci\u00f3n, nutrici\u00f3n y procesos culinarios.[\/vc_column_text][\/vc_column_inner][vc_column_inner width=&#8221;1\/2&#8243;][vc_single_image image=&#8221;594&#8243; img_size=&#8221;full&#8221;][\/vc_column_inner][\/vc_row_inner][vc_empty_space][vc_row_inner][vc_column_inner width=&#8221;1\/2&#8243;][vc_column_text]<\/p>\n<h2>Webinar<\/h2>\n<p>Los <strong>Webinar<\/strong> son una conferencia realizada a trav\u00e9s de internet en tiempo real donde interviene un ponente y unos participantes. \u00danicamente se necesita para participar un ordenador con altavoces o auriculares. A trav\u00e9s del chat se pueden hacer preguntas y es una manera muy c\u00f3moda e interactiva de aprender. [\/vc_column_text][\/vc_column_inner][vc_column_inner width=&#8221;1\/2&#8243;][vc_single_image image=&#8221;620&#8243; img_size=&#8221;full&#8221;][\/vc_column_inner][\/vc_row_inner][vc_row_inner][vc_column_inner][vc_column_text]<\/p>\n<h2>Concursos interactivos<\/h2>\n<p>Metodolog\u00edas diferentes para un aprendizaje m\u00e1s informal, en el que los participantes interact\u00faan a trav\u00e9s de herramientas digitales para responder a las preguntas, en d\u00f3nde la evaluaci\u00f3n es el punto de partida de la formaci\u00f3n.<\/p>\n<p>Por medio de diferentes herramientas digitales creamos una mayor atenci\u00f3n, nuestros m\u00e9todos de formaci\u00f3n son din\u00e1micos y divertidos.<br \/>\n[\/vc_column_text][\/vc_column_inner][\/vc_row_inner][\/vc_column][\/vc_row]<\/p>\n","protected":false},"excerpt":{"rendered":"<p>[vc_row][vc_column][vc_column_text] En GAN somos especialistas en formaci\u00f3n nutricional y gastron\u00f3mica para profesionales de la salud y poblaci\u00f3n en general. [\/vc_column_text][vc_row_inner][vc_column_inner width=&#8221;1\/2&#8243;][vc_column_text]Dise\u00f1amos e impartimos cursos, con el objetivo de ofrecer una\u00a0formaci\u00f3n te\u00f3rico-pr\u00e1ctica actualizada y de calidad\u00a0sobre temas relacionados con la Salud, la Nutrici\u00f3n y la Gastronom\u00eda. Los cursos est\u00e1n disponibles en diferentes formatos y modalidades, tambi\u00e9n\u00a0pueden [&hellip;]<\/p>\n","protected":false},"author":1,"featured_media":0,"parent":7,"menu_order":2,"comment_status":"closed","ping_status":"closed","template":"","meta":{"_monsterinsights_skip_tracking":false,"_monsterinsights_sitenote_active":false,"_monsterinsights_sitenote_note":"","_monsterinsights_sitenote_category":0,"footnotes":""},"class_list":["post-141","page","type-page","status-publish","hentry"],"_links":{"self":[{"href":"https:\/\/update.gan-bcn.com\/es\/wp-json\/wp\/v2\/pages\/141\/"}],"collection":[{"href":"https:\/\/update.gan-bcn.com\/es\/wp-json\/wp\/v2\/pages\/"}],"about":[{"href":"https:\/\/update.gan-bcn.com\/es\/wp-json\/wp\/v2\/types\/page\/"}],"author":[{"embeddable":true,"href":"https:\/\/update.gan-bcn.com\/es\/wp-json\/wp\/v2\/users\/1\/"}],"replies":[{"embeddable":true,"href":"https:\/\/update.gan-bcn.com\/es\/wp-json\/wp\/v2\/comments\/?post=141"}],"version-history":[{"count":26,"href":"https:\/\/update.gan-bcn.com\/es\/wp-json\/wp\/v2\/pages\/141\/revisions\/"}],"predecessor-version":[{"id":1218,"href":"https:\/\/update.gan-bcn.com\/es\/wp-json\/wp\/v2\/pages\/141\/revisions\/1218\/"}],"up":[{"embeddable":true,"href":"https:\/\/update.gan-bcn.com\/es\/wp-json\/wp\/v2\/pages\/7\/"}],"wp:attachment":[{"href":"https:\/\/update.gan-bcn.com\/es\/wp-json\/wp\/v2\/media\/?parent=141"}],"curies":[{"name":"wp","href":"https:\/\/api.w.org\/{rel}","templated":true}]}}