{"id":139,"date":"2017-09-07T09:48:05","date_gmt":"2017-09-07T09:48:05","guid":{"rendered":"https:\/\/update.gan-bcn.com\/?page_id=139"},"modified":"2017-10-19T21:18:38","modified_gmt":"2017-10-19T21:18:38","slug":"consultoria","status":"publish","type":"page","link":"https:\/\/update.gan-bcn.com\/es\/servicios\/consultoria\/","title":{"rendered":"Consultor\u00eda"},"content":{"rendered":"<p>[vc_row][vc_column][vc_column_text]<\/p>\n<h2>Consultor\u00eda especializada en gastronom\u00eda nutricional: diagn\u00f3stico, an\u00e1lisis y propuestas de mejora.<\/h2>\n<p>[\/vc_column_text][vc_row_inner][vc_column_inner width=&#8221;1\/2&#8243;][vc_column_text]Con nuestro servicio de consultor\u00eda especializada en Gastronom\u00eda Nutricional, diagnosticamos, analizamos y proponemos acciones concretas que mejoran la salud y el bienestar a trav\u00e9s de la alimentaci\u00f3n.<\/p>\n<p>Esta consultor\u00eda puede ser aplicada a cualquier empresa de nuestros sectores de actuaci\u00f3n:<\/p>\n<ul>\n<li><strong>Farma:<\/strong> Identificamos la interacci\u00f3n de los medicamentos con los alimentos y creamos contenidos.<\/li>\n<li><strong>Restauraci\u00f3n Colectiva:<\/strong> Visitamos residencias y realizamos diagn\u00f3sticos en la restauraci\u00f3n y realizamos propuestas para mejorar el servicio actual.<\/li>\n<li><strong>Alimentaci\u00f3n:<\/strong> Evaluamos e identificamos las ventajas saludables de un producto alimenticio y determinamos el puesto dentro de las dietas sanas.<\/li>\n<li><strong>RSC:<\/strong> Desarrollamos la RSC en temas relacionados con la alimentaci\u00f3n. Analizamos y proponemos seg\u00fan las necesidades formaci\u00f3n, talleres experienciales, charlas, contenidos, etc.<\/li>\n<\/ul>\n<p>[\/vc_column_text][\/vc_column_inner][vc_column_inner width=&#8221;1\/2&#8243;][vc_single_image image=&#8221;293&#8243; img_size=&#8221;large&#8221;][\/vc_column_inner][\/vc_row_inner][\/vc_column][\/vc_row]<\/p>\n","protected":false},"excerpt":{"rendered":"<p>[vc_row][vc_column][vc_column_text] Consultor\u00eda especializada en gastronom\u00eda nutricional: diagn\u00f3stico, an\u00e1lisis y propuestas de mejora. [\/vc_column_text][vc_row_inner][vc_column_inner width=&#8221;1\/2&#8243;][vc_column_text]Con nuestro servicio de consultor\u00eda especializada en Gastronom\u00eda Nutricional, diagnosticamos, analizamos y proponemos acciones concretas que mejoran la salud y el bienestar a trav\u00e9s de la alimentaci\u00f3n. Esta consultor\u00eda puede ser aplicada a cualquier empresa de nuestros sectores de actuaci\u00f3n: Farma: Identificamos [&hellip;]<\/p>\n","protected":false},"author":1,"featured_media":0,"parent":7,"menu_order":1,"comment_status":"closed","ping_status":"closed","template":"","meta":{"_monsterinsights_skip_tracking":false,"_monsterinsights_sitenote_active":false,"_monsterinsights_sitenote_note":"","_monsterinsights_sitenote_category":0,"footnotes":""},"class_list":["post-139","page","type-page","status-publish","hentry"],"_links":{"self":[{"href":"https:\/\/update.gan-bcn.com\/es\/wp-json\/wp\/v2\/pages\/139\/"}],"collection":[{"href":"https:\/\/update.gan-bcn.com\/es\/wp-json\/wp\/v2\/pages\/"}],"about":[{"href":"https:\/\/update.gan-bcn.com\/es\/wp-json\/wp\/v2\/types\/page\/"}],"author":[{"embeddable":true,"href":"https:\/\/update.gan-bcn.com\/es\/wp-json\/wp\/v2\/users\/1\/"}],"replies":[{"embeddable":true,"href":"https:\/\/update.gan-bcn.com\/es\/wp-json\/wp\/v2\/comments\/?post=139"}],"version-history":[{"count":6,"href":"https:\/\/update.gan-bcn.com\/es\/wp-json\/wp\/v2\/pages\/139\/revisions\/"}],"predecessor-version":[{"id":568,"href":"https:\/\/update.gan-bcn.com\/es\/wp-json\/wp\/v2\/pages\/139\/revisions\/568\/"}],"up":[{"embeddable":true,"href":"https:\/\/update.gan-bcn.com\/es\/wp-json\/wp\/v2\/pages\/7\/"}],"wp:attachment":[{"href":"https:\/\/update.gan-bcn.com\/es\/wp-json\/wp\/v2\/media\/?parent=139"}],"curies":[{"name":"wp","href":"https:\/\/api.w.org\/{rel}","templated":true}]}}