{"id":13,"date":"2017-09-05T09:19:34","date_gmt":"2017-09-05T09:19:34","guid":{"rendered":"https:\/\/update.gan-bcn.com\/?page_id=13"},"modified":"2022-03-04T10:29:25","modified_gmt":"2022-03-04T09:29:25","slug":"clientes","status":"publish","type":"page","link":"https:\/\/update.gan-bcn.com\/es\/clientes\/","title":{"rendered":"Clientes"},"content":{"rendered":"<p>[vc_row][vc_column][vc_column_text]<\/p>\n<h2>En GAN trabajamos con empresas y entidades cuyos fines est\u00e1n vinculados con el bienestar del consumidor o la formaci\u00f3n del personal sanitario.<\/h2>\n<p>Durante casi dos d\u00e9cadas de trayectoria hemos colaborado y realizado proyectos para las principales empresas de alimentaci\u00f3n, laboratorios farmac\u00e9uticos, hospitales, empresas de caterings y editoriales, entre otros.[\/vc_column_text][vc_empty_space height=&#8221;30px&#8221;][vc_column_text]<\/p>\n<h3>Principales laboratorios con los que trabajamos<\/h3>\n<p>[\/vc_column_text][vc_masonry_media_grid element_width=&#8221;2&#8243; gap=&#8221;20&#8243; initial_loading_animation=&#8221;none&#8221; grid_id=&#8221;vc_gid:1646386089904-a15449af-bae7-0&#8243; include=&#8221;230,229,470,228,227,463,471,1240,226,464,225,466,465,467,224,223,462,222,469,221,220,219,218,468&#8243;][vc_separator color=&#8221;custom&#8221; border_width=&#8221;2&#8243; accent_color=&#8221;#bfcbe5&#8243;][vc_column_text]<\/p>\n<h3>Empresas de alimentaci\u00f3n<\/h3>\n<p>[\/vc_column_text][vc_masonry_media_grid element_width=&#8221;2&#8243; gap=&#8221;20&#8243; initial_loading_animation=&#8221;none&#8221; grid_id=&#8221;vc_gid:1646386089919-54d1a4bb-b8ee-5&#8243; include=&#8221;207,206,461,205,204,203,460,1195,202,201,200,199,198,197,287,1242,195,194,193&#8243;][vc_separator color=&#8221;custom&#8221; border_width=&#8221;2&#8243; accent_color=&#8221;#bfcbe5&#8243;][vc_column_text]<\/p>\n<h3>Otros sectores<\/h3>\n<p>[\/vc_column_text][vc_masonry_media_grid element_width=&#8221;2&#8243; gap=&#8221;20&#8243; initial_loading_animation=&#8221;none&#8221; grid_id=&#8221;vc_gid:1646386089939-be159b31-df71-2&#8243; include=&#8221;472,474,235,476,234,1200,1198,475,232,233,636&#8243;][\/vc_column][\/vc_row]<\/p>\n","protected":false},"excerpt":{"rendered":"<p>[vc_row][vc_column][vc_column_text] En GAN trabajamos con empresas y entidades cuyos fines est\u00e1n vinculados con el bienestar del consumidor o la formaci\u00f3n del personal sanitario. Durante casi dos d\u00e9cadas de trayectoria hemos colaborado y realizado proyectos para las principales empresas de alimentaci\u00f3n, laboratorios farmac\u00e9uticos, hospitales, empresas de caterings y editoriales, entre otros.[\/vc_column_text][vc_empty_space height=&#8221;30px&#8221;][vc_column_text] Principales laboratorios con los [&hellip;]<\/p>\n","protected":false},"author":1,"featured_media":0,"parent":0,"menu_order":4,"comment_status":"closed","ping_status":"closed","template":"","meta":{"_monsterinsights_skip_tracking":false,"_monsterinsights_sitenote_active":false,"_monsterinsights_sitenote_note":"","_monsterinsights_sitenote_category":0,"footnotes":""},"class_list":["post-13","page","type-page","status-publish","hentry"],"_links":{"self":[{"href":"https:\/\/update.gan-bcn.com\/es\/wp-json\/wp\/v2\/pages\/13\/"}],"collection":[{"href":"https:\/\/update.gan-bcn.com\/es\/wp-json\/wp\/v2\/pages\/"}],"about":[{"href":"https:\/\/update.gan-bcn.com\/es\/wp-json\/wp\/v2\/types\/page\/"}],"author":[{"embeddable":true,"href":"https:\/\/update.gan-bcn.com\/es\/wp-json\/wp\/v2\/users\/1\/"}],"replies":[{"embeddable":true,"href":"https:\/\/update.gan-bcn.com\/es\/wp-json\/wp\/v2\/comments\/?post=13"}],"version-history":[{"count":25,"href":"https:\/\/update.gan-bcn.com\/es\/wp-json\/wp\/v2\/pages\/13\/revisions\/"}],"predecessor-version":[{"id":1246,"href":"https:\/\/update.gan-bcn.com\/es\/wp-json\/wp\/v2\/pages\/13\/revisions\/1246\/"}],"wp:attachment":[{"href":"https:\/\/update.gan-bcn.com\/es\/wp-json\/wp\/v2\/media\/?parent=13"}],"curies":[{"name":"wp","href":"https:\/\/api.w.org\/{rel}","templated":true}]}}