{"id":11,"date":"2017-09-05T09:19:16","date_gmt":"2017-09-05T09:19:16","guid":{"rendered":"https:\/\/update.gan-bcn.com\/?page_id=11"},"modified":"2020-03-23T16:07:43","modified_gmt":"2020-03-23T15:07:43","slug":"profesionales-medicos","status":"publish","type":"page","link":"https:\/\/update.gan-bcn.com\/es\/profesionales-medicos\/","title":{"rendered":"Profesional Sanitario"},"content":{"rendered":"<p>[vc_row full_width=&#8221;stretch_row&#8221; css=&#8221;.vc_custom_1504825889582{background-color: #ffffff !important;}&#8221;][vc_column][vc_row_inner][vc_column_inner width=&#8221;1\/2&#8243;][vc_column_text css=&#8221;.vc_custom_1508194030742{margin-top: 20px !important;margin-bottom: 0px !important;}&#8221;]Para los professionales m\u00e9dicos tenemos una secci\u00f3n dedicada a ellos, con todo tipo de informaci\u00f3 de utilidad:<br \/>\n<strong>noticias, recetas, cursos, webinars, &#8230;<\/strong>[\/vc_column_text]<div class=\"vc_custom_1509039319322\" style=\"text-align:left;\">\n\t<a class=\"rt-vc-button-1\" data-txtcolor=\"#020202\" data-bgcolor=\"#ffffff\" data-txthover=\"#000000\" data-bghover=\"#eceff6\" style=\"background-color: #ffffff;color: #020202;border: 2px solid #6e91c5;\" href=\"http:\/\/ganprofesional.com\/\">Ir al web de Profesionales sanitarios<\/a>\n<\/div>[\/vc_column_inner][vc_column_inner width=&#8221;1\/2&#8243;][vc_single_image image=&#8221;669&#8243; img_size=&#8221;full&#8221;][\/vc_column_inner][\/vc_row_inner][\/vc_column][\/vc_row]<\/p>\n","protected":false},"excerpt":{"rendered":"<p>[vc_row full_width=&#8221;stretch_row&#8221; css=&#8221;.vc_custom_1504825889582{background-color: #ffffff !important;}&#8221;][vc_column][vc_row_inner][vc_column_inner width=&#8221;1\/2&#8243;][vc_column_text css=&#8221;.vc_custom_1508194030742{margin-top: 20px !important;margin-bottom: 0px !important;}&#8221;]Para los professionales m\u00e9dicos tenemos una secci\u00f3n dedicada a ellos, con todo tipo de informaci\u00f3 de utilidad: noticias, recetas, cursos, webinars, &#8230;[\/vc_column_text][\/vc_column_inner][vc_column_inner width=&#8221;1\/2&#8243;][vc_single_image image=&#8221;669&#8243; img_size=&#8221;full&#8221;][\/vc_column_inner][\/vc_row_inner][\/vc_column][\/vc_row]<\/p>\n","protected":false},"author":1,"featured_media":0,"parent":0,"menu_order":3,"comment_status":"closed","ping_status":"closed","template":"","meta":{"_monsterinsights_skip_tracking":false,"_monsterinsights_sitenote_active":false,"_monsterinsights_sitenote_note":"","_monsterinsights_sitenote_category":0,"footnotes":""},"class_list":["post-11","page","type-page","status-publish","hentry"],"_links":{"self":[{"href":"https:\/\/update.gan-bcn.com\/es\/wp-json\/wp\/v2\/pages\/11\/"}],"collection":[{"href":"https:\/\/update.gan-bcn.com\/es\/wp-json\/wp\/v2\/pages\/"}],"about":[{"href":"https:\/\/update.gan-bcn.com\/es\/wp-json\/wp\/v2\/types\/page\/"}],"author":[{"embeddable":true,"href":"https:\/\/update.gan-bcn.com\/es\/wp-json\/wp\/v2\/users\/1\/"}],"replies":[{"embeddable":true,"href":"https:\/\/update.gan-bcn.com\/es\/wp-json\/wp\/v2\/comments\/?post=11"}],"version-history":[{"count":17,"href":"https:\/\/update.gan-bcn.com\/es\/wp-json\/wp\/v2\/pages\/11\/revisions\/"}],"predecessor-version":[{"id":1171,"href":"https:\/\/update.gan-bcn.com\/es\/wp-json\/wp\/v2\/pages\/11\/revisions\/1171\/"}],"wp:attachment":[{"href":"https:\/\/update.gan-bcn.com\/es\/wp-json\/wp\/v2\/media\/?parent=11"}],"curies":[{"name":"wp","href":"https:\/\/api.w.org\/{rel}","templated":true}]}}